{"id":1944,"date":"2023-11-16T13:40:51","date_gmt":"2023-11-16T18:40:51","guid":{"rendered":"https:\/\/firstascentstaging.com\/hpx-main\/?page_id=1944"},"modified":"2024-07-17T19:52:20","modified_gmt":"2024-07-17T23:52:20","slug":"vienna-press","status":"publish","type":"page","link":"https:\/\/harrypotterexhibition.com\/cs\/press\/vienna-press\/","title":{"rendered":"Vienna Press"},"content":{"rendered":"<div class=\"wp-block-group is-style-stars is-layout-constrained wp-block-group-is-layout-constrained\" style=\"padding-top:var(--wp--preset--spacing--70);padding-bottom:var(--wp--preset--spacing--70)\">\n<div class=\"wp-block-columns is-layout-flex wp-container-core-columns-is-layout-28f84493 wp-block-columns-is-layout-flex\">\n<div class=\"wp-block-column is-layout-flow wp-block-column-is-layout-flow\" style=\"flex-basis:10%\"><\/div>\n\n\n\n<div class=\"wp-block-column is-layout-flow wp-block-column-is-layout-flow\">\n<div class=\"wp-block-buttons is-content-justification-center is-layout-flex wp-container-core-buttons-is-layout-a89b3969 wp-block-buttons-is-layout-flex\">\n<div class=\"wp-block-button is-style-outline has-btn-outline-secondary is-style-outline--1\"><a class=\"wp-block-button__link wp-element-button\" href=\"https:\/\/harrypotterexhibition.com\/cs\/press\/vienna-press-resources\/\">Vienna Press Resources<\/a><\/div>\n<\/div>\n<\/div>\n\n\n\n<div class=\"wp-block-column is-layout-flow wp-block-column-is-layout-flow\" style=\"flex-basis:10%\"><\/div>\n<\/div>\n\n\n\n<section id=\"post-list-block_6e7fdbfa0feb26f58a170331e16db48e\" class=\"block-post-list\" data-post-per-page=\"6\"data-post-type=\"post\"data-display-card-image=\"false\" data-category=\"vienna\">\n\t<div class=\"block-post-list__container\">\n\t\t\n\n<h2 class=\"wp-block-heading has-text-align-center\">Press Releases<\/h2>\n\n\n<form role=\"search\" method=\"get\" class=\"search-form\" action=\"https:\/\/harrypotterexhibition.com\/cs\/\" data-trp-original-action=\"https:\/\/harrypotterexhibition.com\/cs\/\">\n\t<label for=\"searchFormSearch\" class=\"screen-reader-text\">Search&#8230;<\/label>\n\t<input type=\"search\" class=\"form-control\" id=\"searchFormSearch\" placeholder=\"Search\" name=\"s\" value=\"\">\n\t\t<button type=\"submit\" class=\"btn btn-search btn-primary mb-3\">\n\t\t<span class=\"search\">\n\t\t\t<svg width=\"20\" height=\"20\" viewbox=\"0 0 20 20\" fill=\"none\" xmlns=\"http:\/\/www.w3.org\/2000\/svg\">\n<path d=\"M13.3556 2.28827C10.3046 -0.762756 5.3388 -0.762756 2.28777 2.28827C-0.762591 5.33995 -0.762591 10.3051 2.28777 13.3567C5.00479 16.0731 9.23641 16.3641 12.2855 14.243C12.3496 14.5466 12.4964 14.8363 12.7326 15.0724L17.1758 19.5157C17.8233 20.1619 18.8697 20.1619 19.5139 19.5157C20.1607 18.8688 20.1607 17.8225 19.5139 17.1776L15.0706 12.7331C14.8358 12.4989 14.5454 12.3514 14.2419 12.2873C16.3643 9.23757 16.0733 5.00661 13.3556 2.28827ZM11.9528 11.9539C9.67492 14.2318 5.96779 14.2318 3.6906 11.9539C1.41407 9.67607 1.41407 5.9696 3.6906 3.69175C5.96779 1.41456 9.67492 1.41456 11.9528 3.69175C14.2306 5.9696 14.2306 9.67607 11.9528 11.9539Z\" fill=\"#343232\"\/>\n<\/svg>\n\t\t<\/span>\n\t\t<span class=\"searching\">\n\t\t\t<svg width=\"135\" height=\"140\" viewbox=\"0 0 135 140\" xmlns=\"http:\/\/www.w3.org\/2000\/svg\" fill=\"#fff\">\n    <rect y=\"10\" width=\"15\" height=\"120\" rx=\"6\">\n        <animate attributename=\"height\"\n             begin=\"0.5s\" dur=\"1s\"\n             values=\"120;110;100;90;80;70;60;50;40;140;120\" calcmode=\"linear\"\n             repeatcount=\"indefinite\" \/>\n        <animate attributename=\"y\"\n             begin=\"0.5s\" dur=\"1s\"\n             values=\"10;15;20;25;30;35;40;45;50;0;10\" calcmode=\"linear\"\n             repeatcount=\"indefinite\" \/>\n    <\/rect>\n    <rect x=\"30\" y=\"10\" width=\"15\" height=\"120\" rx=\"6\">\n        <animate attributename=\"height\"\n             begin=\"0.25s\" dur=\"1s\"\n             values=\"120;110;100;90;80;70;60;50;40;140;120\" calcmode=\"linear\"\n             repeatcount=\"indefinite\" \/>\n        <animate attributename=\"y\"\n             begin=\"0.25s\" dur=\"1s\"\n             values=\"10;15;20;25;30;35;40;45;50;0;10\" calcmode=\"linear\"\n             repeatcount=\"indefinite\" \/>\n    <\/rect>\n    <rect x=\"60\" width=\"15\" height=\"140\" rx=\"6\">\n        <animate attributename=\"height\"\n             begin=\"0s\" dur=\"1s\"\n             values=\"120;110;100;90;80;70;60;50;40;140;120\" calcmode=\"linear\"\n             repeatcount=\"indefinite\" \/>\n        <animate attributename=\"y\"\n             begin=\"0s\" dur=\"1s\"\n             values=\"10;15;20;25;30;35;40;45;50;0;10\" calcmode=\"linear\"\n             repeatcount=\"indefinite\" \/>\n    <\/rect>\n    <rect x=\"90\" y=\"10\" width=\"15\" height=\"120\" rx=\"6\">\n        <animate attributename=\"height\"\n             begin=\"0.25s\" dur=\"1s\"\n             values=\"120;110;100;90;80;70;60;50;40;140;120\" calcmode=\"linear\"\n             repeatcount=\"indefinite\" \/>\n        <animate attributename=\"y\"\n             begin=\"0.25s\" dur=\"1s\"\n             values=\"10;15;20;25;30;35;40;45;50;0;10\" calcmode=\"linear\"\n             repeatcount=\"indefinite\" \/>\n    <\/rect>\n    <rect x=\"120\" y=\"10\" width=\"15\" height=\"120\" rx=\"6\">\n        <animate attributename=\"height\"\n             begin=\"0.5s\" dur=\"1s\"\n             values=\"120;110;100;90;80;70;60;50;40;140;120\" calcmode=\"linear\"\n             repeatcount=\"indefinite\" \/>\n        <animate attributename=\"y\"\n             begin=\"0.5s\" dur=\"1s\"\n             values=\"10;15;20;25;30;35;40;45;50;0;10\" calcmode=\"linear\"\n             repeatcount=\"indefinite\" \/>\n    <\/rect>\n<\/svg>\n\t\t<\/span>\n\t<\/button>\n<input type=\"hidden\" name=\"trp-form-language\" value=\"cs\"\/><\/form>\n\n\n<p><\/p>\n\n\n\n<div style=\"height:2em\" aria-hidden=\"true\" class=\"wp-block-spacer\"><\/div>\n\n\n\t\t\n<div class=\"block-post-list__post-container post\">\n    \n<div class=\"post-item__press\">\n        <h4 class=\"post-item__title\"><a href=\"https:\/\/harrypotterexhibition.com\/cs\/press\/harry-potter-the-exhibition-at-viennas-metastadt\/\">HARRY POTTER: THE EXHIBITION AT VIENNA\u2019S METASTADT!<\/a><\/h4>\n    <span class=\"post-item__date\">2 b\u0159ezna, 2023<\/span>\n    <a class=\"post-item__link\" href=\"https:\/\/harrypotterexhibition.com\/cs\/press\/harry-potter-the-exhibition-at-viennas-metastadt\/\">READ MORE<\/a>\n\n            <div class=\"dropdown\">\n                        <ul class=\"dropdown-menu\">\n                <li data-translatepress-code=\"en_US\" data-url-path=\"https:\/\/harrypotterexhibition.com\/wp-content\/uploads\/2023\/03\/HPX-Vienna_2023-03-02_Last-Chance_EN.pdf\"><img class=\"flag-img\" src=\"https:\/\/harrypotterexhibition.com\/wp-content\/uploads\/2024\/02\/en_US.png\" alt=\"en_US\" decoding=\"async\" loading=\"lazy\"\/><\/li><li data-translatepress-code=\"de_DE_formal\" data-url-path=\"https:\/\/harrypotterexhibition.com\/wp-content\/uploads\/2023\/03\/HPX-Vienna_2023-03-02_Letzte-Chance_DE.pdf\"><img class=\"flag-img\" src=\"https:\/\/harrypotterexhibition.com\/wp-content\/uploads\/2024\/02\/de_DE_formal.png\" alt=\"de_DE_formal\" decoding=\"async\" loading=\"lazy\"\/><\/li>            <\/ul>\n        <\/div>\n    <\/div>\n<div class=\"post-item__press\">\n        <h4 class=\"post-item__title\"><a href=\"https:\/\/harrypotterexhibition.com\/cs\/press\/the-doors-are-open-at-the-metastadt-in-vienna-for-the-european-premiere-of-harry-potter-the-exhibition\/\">The Doors Are Open At The Metastadt In Vienna For The European Premiere Of Harry Potter: The Exhibition!<\/a><\/h4>\n    <span class=\"post-item__date\">16 prosince, 2022<\/span>\n    <a class=\"post-item__link\" href=\"https:\/\/harrypotterexhibition.com\/cs\/press\/the-doors-are-open-at-the-metastadt-in-vienna-for-the-european-premiere-of-harry-potter-the-exhibition\/\">READ MORE<\/a>\n\n            <div class=\"dropdown\">\n                        <ul class=\"dropdown-menu\">\n                <li data-translatepress-code=\"en_US\" data-url-path=\"https:\/\/harrypotterexhibition.com\/wp-content\/uploads\/2022\/12\/HPX-Vienna_2022-12-16_Opening-Day-at-HPX_EN.pdf\"><img class=\"flag-img\" src=\"https:\/\/harrypotterexhibition.com\/wp-content\/uploads\/2024\/02\/en_US.png\" alt=\"en_US\" decoding=\"async\" loading=\"lazy\"\/><\/li><li data-translatepress-code=\"de_DE_formal\" data-url-path=\"https:\/\/harrypotterexhibition.com\/wp-content\/uploads\/2022\/12\/HPX-Vienna_2022-12-16_Opening-Day-at-HPX_DE.pdf\"><img class=\"flag-img\" src=\"https:\/\/harrypotterexhibition.com\/wp-content\/uploads\/2024\/02\/de_DE_formal.png\" alt=\"de_DE_formal\" decoding=\"async\" loading=\"lazy\"\/><\/li>            <\/ul>\n        <\/div>\n    <\/div>\n<div class=\"post-item__press\">\n        <h4 class=\"post-item__title\"><a href=\"https:\/\/harrypotterexhibition.com\/cs\/press\/the-magic-is-on-its-way-to-vienna-only-1-month-to-the-european-premiere\/\">The Magic Is On Its Way To Vienna \u2013 Only 1 Month To The European Premiere!<\/a><\/h4>\n    <span class=\"post-item__date\">16 listopadu, 2022<\/span>\n    <a class=\"post-item__link\" href=\"https:\/\/harrypotterexhibition.com\/cs\/press\/the-magic-is-on-its-way-to-vienna-only-1-month-to-the-european-premiere\/\">READ MORE<\/a>\n\n            <div class=\"dropdown\">\n                        <ul class=\"dropdown-menu\">\n                <li data-translatepress-code=\"en_US\" data-url-path=\"https:\/\/harrypotterexhibition.com\/wp-content\/uploads\/2022\/11\/HPX-Vienna_2022-11-16_One-Month-to-Opening_EN.pdf\"><img class=\"flag-img\" src=\"https:\/\/harrypotterexhibition.com\/wp-content\/uploads\/2024\/02\/en_US.png\" alt=\"en_US\" decoding=\"async\" loading=\"lazy\"\/><\/li><li data-translatepress-code=\"de_DE_formal\" data-url-path=\"https:\/\/harrypotterexhibition.com\/wp-content\/uploads\/2022\/11\/HPX-Vienna_2022-11-16_One-Month-to-Opening_DE.pdf\"><img class=\"flag-img\" src=\"https:\/\/harrypotterexhibition.com\/wp-content\/uploads\/2024\/02\/de_DE_formal.png\" alt=\"de_DE_formal\" decoding=\"async\" loading=\"lazy\"\/><\/li>            <\/ul>\n        <\/div>\n    <\/div>\n<div class=\"post-item__press\">\n        <h4 class=\"post-item__title\"><a href=\"https:\/\/harrypotterexhibition.com\/cs\/press\/groundbreaking-world-tour-continues-with-the-european-premiere-in-vienna-austria-this-december\/\">Groundbreaking World Tour Continues With The European Premiere In Vienna, Austria This December<\/a><\/h4>\n    <span class=\"post-item__date\">2 z\u00e1\u0159\u00ed, 2022<\/span>\n    <a class=\"post-item__link\" href=\"https:\/\/harrypotterexhibition.com\/cs\/press\/groundbreaking-world-tour-continues-with-the-european-premiere-in-vienna-austria-this-december\/\">READ MORE<\/a>\n\n            <div class=\"dropdown\">\n                        <ul class=\"dropdown-menu\">\n                <li data-translatepress-code=\"en_US\" data-url-path=\"https:\/\/harrypotterexhibition.com\/wp-content\/uploads\/2022\/09\/HPX-Vienna_2022-09-02_Location-Opening-Announcement_EN_FINAL.pdf\"><img class=\"flag-img\" src=\"https:\/\/harrypotterexhibition.com\/wp-content\/uploads\/2024\/02\/en_US.png\" alt=\"en_US\" decoding=\"async\" loading=\"lazy\"\/><\/li><li data-translatepress-code=\"de_DE_formal\" data-url-path=\"https:\/\/harrypotterexhibition.com\/wp-content\/uploads\/2022\/09\/HPX-Vienna_2022-09-02_Location-Opening-Announcement_DE_FINAL.pdf\"><img class=\"flag-img\" src=\"https:\/\/harrypotterexhibition.com\/wp-content\/uploads\/2024\/02\/de_DE_formal.png\" alt=\"de_DE_formal\" decoding=\"async\" loading=\"lazy\"\/><\/li>            <\/ul>\n        <\/div>\n    <\/div>\n<div class=\"post-item__press\">\n        <h4 class=\"post-item__title\"><a href=\"https:\/\/harrypotterexhibition.com\/cs\/press\/expands-its-global-tour-and-will-open-in-atlanta-ga-vienna-austria\/\">Expands Its Global Tour And Will Open In Atlanta, GA, &amp; Vienna, Austria<\/a><\/h4>\n    <span class=\"post-item__date\">1 z\u00e1\u0159\u00ed, 2022<\/span>\n    <a class=\"post-item__link\" href=\"https:\/\/harrypotterexhibition.com\/cs\/press\/expands-its-global-tour-and-will-open-in-atlanta-ga-vienna-austria\/\">READ MORE<\/a>\n\n    <\/div>\n<div class=\"post-item__press\">\n        <h4 class=\"post-item__title\"><a href=\"https:\/\/harrypotterexhibition.com\/cs\/press\/harry-potter-the-exhibitionis-coming-to-vienna\/\">Harry Potter\u2122: The ExhibitionIs Coming to Vienna<\/a><\/h4>\n    <span class=\"post-item__date\">24 \u010dervna, 2022<\/span>\n    <a class=\"post-item__link\" href=\"https:\/\/harrypotterexhibition.com\/cs\/press\/harry-potter-the-exhibitionis-coming-to-vienna\/\">READ MORE<\/a>\n\n            <div class=\"dropdown\">\n                        <ul class=\"dropdown-menu\">\n                <li data-translatepress-code=\"en_US\" data-url-path=\"https:\/\/harrypotterexhibition.com\/wp-content\/uploads\/2022\/06\/HPX-Vienna_2022-06-24_First-Announcement_EN_FINAL.pdf\"><img class=\"flag-img\" src=\"https:\/\/harrypotterexhibition.com\/wp-content\/uploads\/2024\/02\/en_US.png\" alt=\"en_US\" decoding=\"async\" loading=\"lazy\"\/><\/li><li data-translatepress-code=\"de_DE_formal\" data-url-path=\"https:\/\/harrypotterexhibition.com\/wp-content\/uploads\/2022\/06\/HPX-Vienna_2022-06-24_First-Announcement_DE_FINAL.pdf\"><img class=\"flag-img\" src=\"https:\/\/harrypotterexhibition.com\/wp-content\/uploads\/2024\/02\/de_DE_formal.png\" alt=\"de_DE_formal\" decoding=\"async\" loading=\"lazy\"\/><\/li>            <\/ul>\n        <\/div>\n    <\/div><\/div>\n\n    <div class=\"block-post-list__load-more-container\">\n        <div class=\"loading-container\">\n            <svg xmlns='http:\/\/www.w3.org\/2000\/svg' viewbox='0 0 200 200'><circle fill='none' stroke-opacity='1' stroke='#d3991a' stroke-width='.5' cx='100' cy='100' r='0'><animate attributename='r' calcmode='spline' dur='2' values='1;80' keytimes='0;1' keysplines='0 .2 .5 1' repeatcount='indefinite'><\/animate><animate attributename='stroke-width' calcmode='spline' dur='2' values='0;25' keytimes='0;1' keysplines='0 .2 .5 1' repeatcount='indefinite'><\/animate><animate attributename='stroke-opacity' calcmode='spline' dur='2' values='1;0' keytimes='0;1' keysplines='0 .2 .5 1' repeatcount='indefinite'><\/animate><\/circle><\/svg>        <\/div>\n        <button class=\"btn\">\n            <span>Load More<\/span>\n            <svg width=\"11\" height=\"8\" viewbox=\"0 0 11 8\" fill=\"none\" xmlns=\"http:\/\/www.w3.org\/2000\/svg\">\n<path id=\"Vector\" d=\"M6.04163 6.90246L10.8282 2.11583C10.939 2.00512 11 1.85734 11 1.69976C11 1.54217 10.939 1.39439 10.8282 1.28368L10.4758 0.931177C10.2461 0.701802 9.87289 0.701802 9.6436 0.931177L5.62415 4.95062L1.60025 0.926717C1.48945 0.816008 1.34175 0.754882 1.18426 0.754882C1.02659 0.754882 0.87889 0.816008 0.768006 0.926717L0.41568 1.27922C0.304884 1.39002 0.243845 1.53771 0.243845 1.6953C0.243845 1.85288 0.304884 2.00066 0.41568 2.11137L5.20659 6.90246C5.31774 7.01343 5.46613 7.07438 5.62389 7.07403C5.78226 7.07438 5.93057 7.01343 6.04163 6.90246Z\" fill=\"white\"\/>\n<\/svg>\n        <\/button>\n    <\/div>\n\t<\/div>\n<\/section>\n\n<\/div>","protected":false},"excerpt":{"rendered":"","protected":false},"author":9,"featured_media":0,"parent":8,"menu_order":0,"comment_status":"closed","ping_status":"closed","template":"","meta":{"_acf_changed":false,"_monsterinsights_skip_tracking":false,"_monsterinsights_sitenote_active":false,"_monsterinsights_sitenote_note":"","_monsterinsights_sitenote_category":0,"footnotes":""},"class_list":["post-1944","page","type-page","status-publish","hentry"],"acf":[],"yoast_head":"<!-- This site is optimized with the Yoast SEO plugin v27.4 - https:\/\/yoast.com\/product\/yoast-seo-wordpress\/ -->\n<title>Vienna Press | Harry Potter\u2122: The Exhibition<\/title>\n<meta name=\"description\" content=\"Explore photos, videos, news, press releases, and other media from the Harry Potter\u2122: The Exhibition location in Vienna, Austria. Browse the content here.\" \/>\n<meta name=\"robots\" content=\"index, follow, max-snippet:-1, max-image-preview:large, max-video-preview:-1\" \/>\n<link rel=\"canonical\" href=\"https:\/\/harrypotterexhibition.com\/cs\/press\/vienna-press\/\" \/>\n<meta property=\"og:locale\" content=\"cs_CZ\" \/>\n<meta property=\"og:type\" content=\"article\" \/>\n<meta property=\"og:title\" content=\"Vienna Press | Harry Potter\u2122: The Exhibition\" \/>\n<meta property=\"og:description\" content=\"Explore photos, videos, news, press releases, and other media from the Harry Potter\u2122: The Exhibition location in Vienna, Austria. Browse the content here.\" \/>\n<meta property=\"og:url\" content=\"https:\/\/harrypotterexhibition.com\/cs\/press\/vienna-press\/\" \/>\n<meta property=\"og:site_name\" content=\"Harry Potter\u2122: The Exhibition\" \/>\n<meta property=\"article:modified_time\" content=\"2024-07-17T23:52:20+00:00\" \/>\n<meta property=\"og:image\" content=\"https:\/\/harrypotterexhibition.com\/wp-content\/uploads\/2024\/05\/2024-Opengraph.png\" \/>\n\t<meta property=\"og:image:width\" content=\"1200\" \/>\n\t<meta property=\"og:image:height\" content=\"630\" \/>\n\t<meta property=\"og:image:type\" content=\"image\/png\" \/>\n<meta name=\"twitter:card\" content=\"summary_large_image\" \/>\n<script type=\"application\/ld+json\" class=\"yoast-schema-graph\">{\"@context\":\"https:\\\/\\\/schema.org\",\"@graph\":[{\"@type\":\"WebPage\",\"@id\":\"https:\\\/\\\/harrypotterexhibition.com\\\/press\\\/vienna-press\\\/\",\"url\":\"https:\\\/\\\/harrypotterexhibition.com\\\/press\\\/vienna-press\\\/\",\"name\":\"Vienna Press | Harry Potter\u2122: The Exhibition\",\"isPartOf\":{\"@id\":\"https:\\\/\\\/harrypotterexhibition.com\\\/zh\\\/#website\"},\"datePublished\":\"2023-11-16T18:40:51+00:00\",\"dateModified\":\"2024-07-17T23:52:20+00:00\",\"description\":\"Explore photos, videos, news, press releases, and other media from the Harry Potter\u2122: The Exhibition location in Vienna, Austria. Browse the content here.\",\"breadcrumb\":{\"@id\":\"https:\\\/\\\/harrypotterexhibition.com\\\/press\\\/vienna-press\\\/#breadcrumb\"},\"inLanguage\":\"cs\",\"potentialAction\":[{\"@type\":\"ReadAction\",\"target\":[\"https:\\\/\\\/harrypotterexhibition.com\\\/press\\\/vienna-press\\\/\"]}]},{\"@type\":\"BreadcrumbList\",\"@id\":\"https:\\\/\\\/harrypotterexhibition.com\\\/press\\\/vienna-press\\\/#breadcrumb\",\"itemListElement\":[{\"@type\":\"ListItem\",\"position\":1,\"name\":\"Home\",\"item\":\"https:\\\/\\\/harrypotterexhibition.com\\\/\"},{\"@type\":\"ListItem\",\"position\":2,\"name\":\"Press\",\"item\":\"https:\\\/\\\/harrypotterexhibition.com\\\/press\\\/\"},{\"@type\":\"ListItem\",\"position\":3,\"name\":\"Vienna Press\"}]},{\"@type\":\"WebSite\",\"@id\":\"https:\\\/\\\/harrypotterexhibition.com\\\/zh\\\/#website\",\"url\":\"https:\\\/\\\/harrypotterexhibition.com\\\/zh\\\/\",\"name\":\"Harry Potter\u2122: The Exhibition\",\"description\":\"\",\"publisher\":{\"@id\":\"https:\\\/\\\/harrypotterexhibition.com\\\/zh\\\/#organization\"},\"potentialAction\":[{\"@type\":\"SearchAction\",\"target\":{\"@type\":\"EntryPoint\",\"urlTemplate\":\"https:\\\/\\\/harrypotterexhibition.com\\\/zh\\\/?s={search_term_string}\"},\"query-input\":{\"@type\":\"PropertyValueSpecification\",\"valueRequired\":true,\"valueName\":\"search_term_string\"}}],\"inLanguage\":\"cs\"},{\"@type\":\"Organization\",\"@id\":\"https:\\\/\\\/harrypotterexhibition.com\\\/zh\\\/#organization\",\"name\":\"Harry Potter\u2122: The Exhibition\",\"url\":\"https:\\\/\\\/harrypotterexhibition.com\\\/zh\\\/\",\"logo\":{\"@type\":\"ImageObject\",\"inLanguage\":\"cs\",\"@id\":\"https:\\\/\\\/harrypotterexhibition.com\\\/zh\\\/#\\\/schema\\\/logo\\\/image\\\/\",\"url\":\"https:\\\/\\\/harrypotterexhibition.com\\\/wp-content\\\/uploads\\\/2023\\\/09\\\/HPX-Footer-Logo.png\",\"contentUrl\":\"https:\\\/\\\/harrypotterexhibition.com\\\/wp-content\\\/uploads\\\/2023\\\/09\\\/HPX-Footer-Logo.png\",\"width\":573,\"height\":501,\"caption\":\"Harry Potter\u2122: The Exhibition\"},\"image\":{\"@id\":\"https:\\\/\\\/harrypotterexhibition.com\\\/zh\\\/#\\\/schema\\\/logo\\\/image\\\/\"}}]}<\/script>\n<!-- \/ Yoast SEO plugin. -->","yoast_head_json":{"title":"Vienna Press | Harry Potter\u2122: The Exhibition","description":"Explore photos, videos, news, press releases, and other media from the Harry Potter\u2122: The Exhibition location in Vienna, Austria. Browse the content here.","robots":{"index":"index","follow":"follow","max-snippet":"max-snippet:-1","max-image-preview":"max-image-preview:large","max-video-preview":"max-video-preview:-1"},"canonical":"https:\/\/harrypotterexhibition.com\/cs\/press\/vienna-press\/","og_locale":"cs_CZ","og_type":"article","og_title":"Vienna Press | Harry Potter\u2122: The Exhibition","og_description":"Explore photos, videos, news, press releases, and other media from the Harry Potter\u2122: The Exhibition location in Vienna, Austria. Browse the content here.","og_url":"https:\/\/harrypotterexhibition.com\/cs\/press\/vienna-press\/","og_site_name":"Harry Potter\u2122: The Exhibition","article_modified_time":"2024-07-17T23:52:20+00:00","og_image":[{"width":1200,"height":630,"url":"https:\/\/harrypotterexhibition.com\/wp-content\/uploads\/2024\/05\/2024-Opengraph.png","type":"image\/png"}],"twitter_card":"summary_large_image","schema":{"@context":"https:\/\/schema.org","@graph":[{"@type":"WebPage","@id":"https:\/\/harrypotterexhibition.com\/press\/vienna-press\/","url":"https:\/\/harrypotterexhibition.com\/press\/vienna-press\/","name":"Vienna Press | Harry Potter\u2122: The Exhibition","isPartOf":{"@id":"https:\/\/harrypotterexhibition.com\/zh\/#website"},"datePublished":"2023-11-16T18:40:51+00:00","dateModified":"2024-07-17T23:52:20+00:00","description":"Explore photos, videos, news, press releases, and other media from the Harry Potter\u2122: The Exhibition location in Vienna, Austria. Browse the content here.","breadcrumb":{"@id":"https:\/\/harrypotterexhibition.com\/press\/vienna-press\/#breadcrumb"},"inLanguage":"cs","potentialAction":[{"@type":"ReadAction","target":["https:\/\/harrypotterexhibition.com\/press\/vienna-press\/"]}]},{"@type":"BreadcrumbList","@id":"https:\/\/harrypotterexhibition.com\/press\/vienna-press\/#breadcrumb","itemListElement":[{"@type":"ListItem","position":1,"name":"Home","item":"https:\/\/harrypotterexhibition.com\/"},{"@type":"ListItem","position":2,"name":"Press","item":"https:\/\/harrypotterexhibition.com\/press\/"},{"@type":"ListItem","position":3,"name":"Vienna Press"}]},{"@type":"WebSite","@id":"https:\/\/harrypotterexhibition.com\/zh\/#website","url":"https:\/\/harrypotterexhibition.com\/zh\/","name":"Harry Potter\u2122: The Exhibition","description":"","publisher":{"@id":"https:\/\/harrypotterexhibition.com\/zh\/#organization"},"potentialAction":[{"@type":"SearchAction","target":{"@type":"EntryPoint","urlTemplate":"https:\/\/harrypotterexhibition.com\/zh\/?s={search_term_string}"},"query-input":{"@type":"PropertyValueSpecification","valueRequired":true,"valueName":"search_term_string"}}],"inLanguage":"cs"},{"@type":"Organization","@id":"https:\/\/harrypotterexhibition.com\/zh\/#organization","name":"Harry Potter\u2122: The Exhibition","url":"https:\/\/harrypotterexhibition.com\/zh\/","logo":{"@type":"ImageObject","inLanguage":"cs","@id":"https:\/\/harrypotterexhibition.com\/zh\/#\/schema\/logo\/image\/","url":"https:\/\/harrypotterexhibition.com\/wp-content\/uploads\/2023\/09\/HPX-Footer-Logo.png","contentUrl":"https:\/\/harrypotterexhibition.com\/wp-content\/uploads\/2023\/09\/HPX-Footer-Logo.png","width":573,"height":501,"caption":"Harry Potter\u2122: The Exhibition"},"image":{"@id":"https:\/\/harrypotterexhibition.com\/zh\/#\/schema\/logo\/image\/"}}]}},"_links":{"self":[{"href":"https:\/\/harrypotterexhibition.com\/cs\/wp-json\/wp\/v2\/pages\/1944","targetHints":{"allow":["GET"]}}],"collection":[{"href":"https:\/\/harrypotterexhibition.com\/cs\/wp-json\/wp\/v2\/pages"}],"about":[{"href":"https:\/\/harrypotterexhibition.com\/cs\/wp-json\/wp\/v2\/types\/page"}],"author":[{"embeddable":true,"href":"https:\/\/harrypotterexhibition.com\/cs\/wp-json\/wp\/v2\/users\/9"}],"replies":[{"embeddable":true,"href":"https:\/\/harrypotterexhibition.com\/cs\/wp-json\/wp\/v2\/comments?post=1944"}],"version-history":[{"count":6,"href":"https:\/\/harrypotterexhibition.com\/cs\/wp-json\/wp\/v2\/pages\/1944\/revisions"}],"predecessor-version":[{"id":4253,"href":"https:\/\/harrypotterexhibition.com\/cs\/wp-json\/wp\/v2\/pages\/1944\/revisions\/4253"}],"up":[{"embeddable":true,"href":"https:\/\/harrypotterexhibition.com\/cs\/wp-json\/wp\/v2\/pages\/8"}],"wp:attachment":[{"href":"https:\/\/harrypotterexhibition.com\/cs\/wp-json\/wp\/v2\/media?parent=1944"}],"curies":[{"name":"wp","href":"https:\/\/api.w.org\/{rel}","templated":true}]}}