{"id":1997,"date":"2023-11-17T16:27:39","date_gmt":"2023-11-17T21:27:39","guid":{"rendered":"https:\/\/firstascentstaging.com\/hpx-main\/?page_id=1997"},"modified":"2025-04-07T12:59:25","modified_gmt":"2025-04-07T16:59:25","slug":"ugc-policy","status":"publish","type":"page","link":"https:\/\/harrypotterexhibition.com\/cs\/ugc-policy\/","title":{"rendered":"User Generated Content Guidelines"},"content":{"rendered":"<h1 class=\"wp-block-heading has-x-large-font-size\">Harry Potter: The Exhibition \u2013 Pravidla a z\u00e1sady pro soci\u00e1ln\u00ed s\u00edt\u011b<\/h1>\n\n\n\n<p><\/p>\n\n\n\n<p><em>Posledn\u00ed zm\u011bna: <\/em><strong><em>5. \u00fanora 2025<\/em><\/strong><\/p>\n\n\n\n<p><\/p>\n\n\n\n<p><strong>Z\u00e1sady pro soci\u00e1ln\u00ed s\u00edt\u011b k v\u00fdstav\u011b \u201eHarry Potter: The Exhibition\u201c<\/strong><\/p>\n\n\n\n<p>Tato licen\u010dn\u00ed smlouva k u\u017eivatelsk\u00e9mu obsahu (\u201eSmlouva\u201c) je uzav\u0159ena mezi spole\u010dnostmi Warner Bros., Imagine Exhibitions, Inc., jej\u00edmi dce\u0159in\u00fdmi a p\u0159idru\u017een\u00fdmi spole\u010dnostmi, a v\u00e1mi nebo organizac\u00ed, kterou zastupujete (\u201evy\u201c nebo \u201e\u00da\u010dastn\u00edk\u201c).<\/p>\n\n\n\n<p>S ohledem na to, \u017ee spole\u010dnost Imagine Exhibitions v\u00e1m umo\u017e\u0148uje zas\u00edlat v\u00e1\u0161 obsah, popisy obsahu a informace o va\u0161em profilu na soci\u00e1ln\u00edch s\u00edt\u00edch (\u201eU\u017eivatelsk\u00fd obsah\u201c) na sv\u00e9 str\u00e1nky a platformy soci\u00e1ln\u00edch m\u00e9di\u00ed, berete na v\u011bdom\u00ed, \u017ee souhlas\u00edte s t\u00edm, \u017ee odesl\u00e1n\u00edm U\u017eivatelsk\u00e9ho obsahu (UGC) a\/nebo odpov\u011bd\u00ed na na\u0161i \u017e\u00e1dost o autorizaci pomoc\u00ed hashtagu #YesHarryPotterExhibition se st\u00e1v\u00e1te v\u00e1z\u00e1ni touto Smlouvou. Pokud nesouhlas\u00edte se v\u0161emi podm\u00ednkami t\u00e9to Smlouvy, neodes\u00edlejte U\u017eivatelsk\u00fd obsah (UGC) ani nereagujte na na\u0161i \u017e\u00e1dost o autorizaci. Pokud uzav\u00edr\u00e1te tuto Smlouvu jm\u00e9nem organizace, prohla\u0161ujete, \u017ee k tomu m\u00e1te p\u0159\u00edslu\u0161n\u00e9 opr\u00e1vn\u011bn\u00ed.&nbsp;<\/p>\n\n\n\n<p>Na\u0161e komunita je v\u00edt\u00e1na a podporov\u00e1na v aktivn\u00edm zapojen\u00ed, sd\u00edlen\u00ed p\u0159\u00edb\u011bh\u016f a vzpom\u00ednek, diskusi r\u016fzn\u00fdch n\u00e1zor\u016f a kladen\u00ed dotaz\u016f na na\u0161ich platform\u00e1ch soci\u00e1ln\u00edch m\u00e9di\u00ed. Spole\u010dnost Imagine Exhibitions se zavazuje udr\u017eovat p\u0159\u00edstupn\u00e9, informativn\u00ed a kultivovan\u00e9 prost\u0159ed\u00ed ve prosp\u011bch v\u0161ech \u010dlen\u016f komunity. <a>Z tohoto d\u016fvodu si vyhrazujeme pr\u00e1vo skr\u00fdt, odstranit, omezit nebo jinak regulovat \u0161\u00ed\u0159en\u00ed jak\u00e9hokoli obsahu na na\u0161ich soci\u00e1ln\u00edch platform\u00e1ch,<\/a>&nbsp;kter\u00fd pova\u017eujeme za odporuj\u00edc\u00ed z\u00e1jm\u016fm na\u0161\u00ed u\u017eivatelsk\u00e9 komunity, v\u010detn\u011b koment\u00e1\u0159\u016f obsahuj\u00edc\u00edch n\u00e1sleduj\u00edc\u00ed (a rovn\u011b\u017e si vyhrazujeme pr\u00e1vo blokovat \u010di zak\u00e1zat p\u0159\u00edstup u\u017eivatel\u016fm, kte\u0159\u00ed takov\u00fd obsah zve\u0159ej\u0148uj\u00ed):<\/p>\n\n\n\n<ul class=\"wp-block-list\">\n<li>Nen\u00e1vistn\u00e9 nebo diskrimina\u010dn\u00ed projevy jak\u00e9hokoli druhu, v\u010detn\u011b \u00fatok\u016f na osobu \u010di skupinu osob na z\u00e1klad\u011b rasy, etnick\u00e9ho p\u016fvodu, n\u00e1rodnosti, n\u00e1bo\u017eenstv\u00ed, pohlav\u00ed, sexu\u00e1ln\u00ed orientace, genderov\u00e9 identity, v\u011bku nebo zdravotn\u00edho posti\u017een\u00ed, stejn\u011b jako pomluvy, osobn\u00ed \u00fatoky, v\u00fdhr\u016f\u017eky \u010di trolling v\u016f\u010di ostatn\u00edm \u010dlen\u016fm komunity&nbsp;<\/li>\n\n\n\n<li>P\u0159\u00edsp\u011bvky obsahuj\u00edc\u00ed n\u00e1siln\u00fd, vulg\u00e1rn\u00ed, obsc\u00e9nn\u00ed nebo explicitn\u00ed obsah, p\u0159\u00edpadn\u011b takov\u00e9, kter\u00e9 podn\u011bcuj\u00ed k nez\u00e1konn\u00e9 \u010dinnosti<\/li>\n\n\n\n<li>P\u0159\u00edsp\u011bvky obsahuj\u00edc\u00ed nepravdiv\u00e9 nebo zav\u00e1d\u011bj\u00edc\u00ed informace<\/li>\n\n\n\n<li>P\u0159\u00edsp\u011bvky vyjad\u0159uj\u00edc\u00ed n\u00e1zory nezdvo\u0159il\u00fdm, neuctiv\u00fdm nebo zbyte\u010dn\u011b provokativn\u00edm zp\u016fsobem, p\u0159\u00edpadn\u011b zam\u011b\u0159en\u00e9 na konkr\u00e9tn\u00ed jednotlivce<\/li>\n\n\n\n<li>Reklamy, v\u00fdzvy, doporu\u010den\u00ed nebo jin\u00fd komer\u010dn\u00ed obsah&nbsp;<\/li>\n\n\n\n<li>Spam nebo p\u0159\u00edsp\u011bvky publikovan\u00e9 fale\u0161n\u00fdmi \u00fa\u010dty&nbsp;<\/li>\n\n\n\n<li><a>P\u0159\u00edsp\u011bvky poru\u0161uj\u00edc\u00ed autorsk\u00e1 pr\u00e1va<\/a>.<\/li>\n\n\n\n<li>P\u0159\u00edsp\u011bvky zam\u011b\u0159en\u00e9 na kontroverzn\u00ed politick\u00e1, spole\u010densk\u00e1 \u010di jin\u00e1 citliv\u00e1 t\u00e9mata, v\u010detn\u011b ot\u00e1zek zdrav\u00ed a bezpe\u010dnosti<\/li>\n<\/ul>\n\n\n\n<p><a>Jako v\u00e1\u017een\u00e9ho \u010dlena na\u0161\u00ed komunity v\u00e1s \u017e\u00e1d\u00e1me, abyste m\u011bli na pam\u011bti tak\u00e9 n\u00e1sleduj\u00edc\u00ed:<\/a><\/p>\n\n\n\n<ul class=\"wp-block-list\">\n<li>Zapojen\u00edm do komunikace na na\u0161ich soci\u00e1ln\u00edch s\u00edt\u00edch souhlas\u00edte s dodr\u017eov\u00e1n\u00edm pravidel dan\u00e9 platformy, kterou pou\u017e\u00edv\u00e1te<\/li>\n\n\n\n<li><a>Chra\u0148te sv\u00e9 soukrom\u00ed a nezve\u0159ej\u0148ujte citliv\u00e9 osobn\u00ed \u00fadaje<\/a><\/li>\n\n\n\n<li><a>Spole\u010dnost Imagine Exhibitions nenese odpov\u011bdnost za diskuse o na\u0161ich p\u0159\u00edsp\u011bvc\u00edch, kter\u00e9 prob\u00edhaj\u00ed na profilech jin\u00fdch u\u017eivatel\u016f<\/a><\/li>\n\n\n\n<li><a>Zve\u0159ejn\u011bn\u00edm obsahu nebo odpov\u011bd\u00ed #YesHarryPotterExhibition ud\u011blujete spole\u010dnosti Imagine Exhibitions souhlas s pou\u017eit\u00edm va\u0161eho obsahu pro vzd\u011bl\u00e1vac\u00ed, propaga\u010dn\u00ed nebo b\u011b\u017en\u00e9 nekomer\u010dn\u00ed \u00fa\u010dely&nbsp;<\/a><\/li>\n\n\n\n<li><a>N\u00e1zory u\u017eivatel\u016f jsou jejich vlastn\u00ed a nep\u0159edstavuj\u00ed n\u00e1zory spole\u010dnosti Imagine Exhibitions, Warner Bros. ani jejich partner\u016f \u010di p\u0159idru\u017een\u00fdch subjekt\u016f<\/a><\/li>\n<\/ul>\n\n\n\n<p><a>Soci\u00e1ln\u00ed s\u00edt\u011b jsou pr\u016fb\u011b\u017en\u011b monitorov\u00e1ny men\u0161\u00edm t\u00fdmem zam\u011bstnanc\u016f b\u011bhem b\u011b\u017en\u00e9 pracovn\u00ed doby, s v\u00fdjimkou st\u00e1tn\u00edch sv\u00e1tk\u016f. Obsah sd\u00edlen\u00fd mimo tuto dobu bude posouzen podle \u010dasov\u00fdch mo\u017enost\u00ed v r\u00e1mci standardn\u00ed pracovn\u00ed doby. Spole\u010dnost Imagine Exhibitions nekontroluje ani nemoderuje ve\u0161ker\u00fd sd\u00edlen\u00fd obsah, av\u0161ak vynakl\u00e1d\u00e1 p\u0159im\u011b\u0159en\u00e9 \u00fasil\u00ed k tomu, aby na dotazy a po\u017eadavky reagovala v odpov\u00eddaj\u00edc\u00edm \u010dasov\u00e9m horizontu. Upozor\u0148ujeme, \u017ee vy\u0159\u00edzen\u00ed n\u011bkter\u00fdch zpr\u00e1v m\u016f\u017ee trvat del\u0161\u00ed dobu.<\/a><\/p>\n\n\n\n<hr class=\"wp-block-separator has-alpha-channel-opacity\"\/>\n\n\n\n<p><a id=\"_msocom_1\"><\/a><\/p>","protected":false},"excerpt":{"rendered":"<p>Harry Potter: The Exhibition User Generated Content (UGC) Guidelines for Social Media Last modified: February 5, 2025 Harry Potter: The Exhibition Social Media Policy This User Generated Content License Agreement [&hellip;]<\/p>\n","protected":false},"author":7,"featured_media":0,"parent":0,"menu_order":0,"comment_status":"closed","ping_status":"closed","template":"","meta":{"_acf_changed":false,"_monsterinsights_skip_tracking":false,"_monsterinsights_sitenote_active":false,"_monsterinsights_sitenote_note":"","_monsterinsights_sitenote_category":0,"footnotes":""},"class_list":["post-1997","page","type-page","status-publish","hentry"],"acf":[],"yoast_head":"<!-- This site is optimized with the Yoast SEO plugin v27.5 - https:\/\/yoast.com\/product\/yoast-seo-wordpress\/ -->\n<title>User Generated Content Guidelines | Harry Potter\u2122: The Exhibition<\/title>\n<meta name=\"description\" content=\"We are committed to protecting your privacy and developing technology that provides the safest and most powerful online experience. Read our UGC policy here.\" \/>\n<meta name=\"robots\" content=\"index, follow, max-snippet:-1, max-image-preview:large, max-video-preview:-1\" \/>\n<link rel=\"canonical\" href=\"https:\/\/harrypotterexhibition.com\/cs\/ugc-policy\/\" \/>\n<meta property=\"og:locale\" content=\"cs_CZ\" \/>\n<meta property=\"og:type\" content=\"article\" \/>\n<meta property=\"og:title\" content=\"User Generated Content Guidelines | Harry Potter\u2122: The Exhibition\" \/>\n<meta property=\"og:description\" content=\"We are committed to protecting your privacy and developing technology that provides the safest and most powerful online experience. Read our UGC policy here.\" \/>\n<meta property=\"og:url\" content=\"https:\/\/harrypotterexhibition.com\/cs\/ugc-policy\/\" \/>\n<meta property=\"og:site_name\" content=\"Harry Potter\u2122: The Exhibition\" \/>\n<meta property=\"article:modified_time\" content=\"2025-04-07T16:59:25+00:00\" \/>\n<meta property=\"og:image\" content=\"https:\/\/harrypotterexhibition.com\/wp-content\/uploads\/2024\/05\/2024-Opengraph.png\" \/>\n\t<meta property=\"og:image:width\" content=\"1200\" \/>\n\t<meta property=\"og:image:height\" content=\"630\" \/>\n\t<meta property=\"og:image:type\" content=\"image\/png\" \/>\n<meta name=\"twitter:card\" content=\"summary_large_image\" \/>\n<script type=\"application\/ld+json\" class=\"yoast-schema-graph\">{\"@context\":\"https:\\\/\\\/schema.org\",\"@graph\":[{\"@type\":\"WebPage\",\"@id\":\"https:\\\/\\\/harrypotterexhibition.com\\\/ugc-policy\\\/\",\"url\":\"https:\\\/\\\/harrypotterexhibition.com\\\/ugc-policy\\\/\",\"name\":\"User Generated Content Guidelines | Harry Potter\u2122: The Exhibition\",\"isPartOf\":{\"@id\":\"https:\\\/\\\/harrypotterexhibition.com\\\/zh\\\/#website\"},\"datePublished\":\"2023-11-17T21:27:39+00:00\",\"dateModified\":\"2025-04-07T16:59:25+00:00\",\"description\":\"We are committed to protecting your privacy and developing technology that provides the safest and most powerful online experience. Read our UGC policy here.\",\"breadcrumb\":{\"@id\":\"https:\\\/\\\/harrypotterexhibition.com\\\/ugc-policy\\\/#breadcrumb\"},\"inLanguage\":\"cs\",\"potentialAction\":[{\"@type\":\"ReadAction\",\"target\":[\"https:\\\/\\\/harrypotterexhibition.com\\\/ugc-policy\\\/\"]}]},{\"@type\":\"BreadcrumbList\",\"@id\":\"https:\\\/\\\/harrypotterexhibition.com\\\/ugc-policy\\\/#breadcrumb\",\"itemListElement\":[{\"@type\":\"ListItem\",\"position\":1,\"name\":\"Home\",\"item\":\"https:\\\/\\\/harrypotterexhibition.com\\\/\"},{\"@type\":\"ListItem\",\"position\":2,\"name\":\"User Generated Content Guidelines\"}]},{\"@type\":\"WebSite\",\"@id\":\"https:\\\/\\\/harrypotterexhibition.com\\\/zh\\\/#website\",\"url\":\"https:\\\/\\\/harrypotterexhibition.com\\\/zh\\\/\",\"name\":\"Harry Potter\u2122: The Exhibition\",\"description\":\"\",\"publisher\":{\"@id\":\"https:\\\/\\\/harrypotterexhibition.com\\\/zh\\\/#organization\"},\"potentialAction\":[{\"@type\":\"SearchAction\",\"target\":{\"@type\":\"EntryPoint\",\"urlTemplate\":\"https:\\\/\\\/harrypotterexhibition.com\\\/zh\\\/?s={search_term_string}\"},\"query-input\":{\"@type\":\"PropertyValueSpecification\",\"valueRequired\":true,\"valueName\":\"search_term_string\"}}],\"inLanguage\":\"cs\"},{\"@type\":\"Organization\",\"@id\":\"https:\\\/\\\/harrypotterexhibition.com\\\/zh\\\/#organization\",\"name\":\"Harry Potter\u2122: The Exhibition\",\"url\":\"https:\\\/\\\/harrypotterexhibition.com\\\/zh\\\/\",\"logo\":{\"@type\":\"ImageObject\",\"inLanguage\":\"cs\",\"@id\":\"https:\\\/\\\/harrypotterexhibition.com\\\/zh\\\/#\\\/schema\\\/logo\\\/image\\\/\",\"url\":\"https:\\\/\\\/harrypotterexhibition.com\\\/wp-content\\\/uploads\\\/2023\\\/09\\\/HPX-Footer-Logo.png\",\"contentUrl\":\"https:\\\/\\\/harrypotterexhibition.com\\\/wp-content\\\/uploads\\\/2023\\\/09\\\/HPX-Footer-Logo.png\",\"width\":573,\"height\":501,\"caption\":\"Harry Potter\u2122: The Exhibition\"},\"image\":{\"@id\":\"https:\\\/\\\/harrypotterexhibition.com\\\/zh\\\/#\\\/schema\\\/logo\\\/image\\\/\"}}]}<\/script>\n<!-- \/ Yoast SEO plugin. -->","yoast_head_json":{"title":"User Generated Content Guidelines | Harry Potter\u2122: The Exhibition","description":"We are committed to protecting your privacy and developing technology that provides the safest and most powerful online experience. Read our UGC policy here.","robots":{"index":"index","follow":"follow","max-snippet":"max-snippet:-1","max-image-preview":"max-image-preview:large","max-video-preview":"max-video-preview:-1"},"canonical":"https:\/\/harrypotterexhibition.com\/cs\/ugc-policy\/","og_locale":"cs_CZ","og_type":"article","og_title":"User Generated Content Guidelines | Harry Potter\u2122: The Exhibition","og_description":"We are committed to protecting your privacy and developing technology that provides the safest and most powerful online experience. Read our UGC policy here.","og_url":"https:\/\/harrypotterexhibition.com\/cs\/ugc-policy\/","og_site_name":"Harry Potter\u2122: The Exhibition","article_modified_time":"2025-04-07T16:59:25+00:00","og_image":[{"width":1200,"height":630,"url":"https:\/\/harrypotterexhibition.com\/wp-content\/uploads\/2024\/05\/2024-Opengraph.png","type":"image\/png"}],"twitter_card":"summary_large_image","schema":{"@context":"https:\/\/schema.org","@graph":[{"@type":"WebPage","@id":"https:\/\/harrypotterexhibition.com\/ugc-policy\/","url":"https:\/\/harrypotterexhibition.com\/ugc-policy\/","name":"User Generated Content Guidelines | Harry Potter\u2122: The Exhibition","isPartOf":{"@id":"https:\/\/harrypotterexhibition.com\/zh\/#website"},"datePublished":"2023-11-17T21:27:39+00:00","dateModified":"2025-04-07T16:59:25+00:00","description":"We are committed to protecting your privacy and developing technology that provides the safest and most powerful online experience. Read our UGC policy here.","breadcrumb":{"@id":"https:\/\/harrypotterexhibition.com\/ugc-policy\/#breadcrumb"},"inLanguage":"cs","potentialAction":[{"@type":"ReadAction","target":["https:\/\/harrypotterexhibition.com\/ugc-policy\/"]}]},{"@type":"BreadcrumbList","@id":"https:\/\/harrypotterexhibition.com\/ugc-policy\/#breadcrumb","itemListElement":[{"@type":"ListItem","position":1,"name":"Home","item":"https:\/\/harrypotterexhibition.com\/"},{"@type":"ListItem","position":2,"name":"User Generated Content Guidelines"}]},{"@type":"WebSite","@id":"https:\/\/harrypotterexhibition.com\/zh\/#website","url":"https:\/\/harrypotterexhibition.com\/zh\/","name":"Harry Potter\u2122: The Exhibition","description":"","publisher":{"@id":"https:\/\/harrypotterexhibition.com\/zh\/#organization"},"potentialAction":[{"@type":"SearchAction","target":{"@type":"EntryPoint","urlTemplate":"https:\/\/harrypotterexhibition.com\/zh\/?s={search_term_string}"},"query-input":{"@type":"PropertyValueSpecification","valueRequired":true,"valueName":"search_term_string"}}],"inLanguage":"cs"},{"@type":"Organization","@id":"https:\/\/harrypotterexhibition.com\/zh\/#organization","name":"Harry Potter\u2122: The Exhibition","url":"https:\/\/harrypotterexhibition.com\/zh\/","logo":{"@type":"ImageObject","inLanguage":"cs","@id":"https:\/\/harrypotterexhibition.com\/zh\/#\/schema\/logo\/image\/","url":"https:\/\/harrypotterexhibition.com\/wp-content\/uploads\/2023\/09\/HPX-Footer-Logo.png","contentUrl":"https:\/\/harrypotterexhibition.com\/wp-content\/uploads\/2023\/09\/HPX-Footer-Logo.png","width":573,"height":501,"caption":"Harry Potter\u2122: The Exhibition"},"image":{"@id":"https:\/\/harrypotterexhibition.com\/zh\/#\/schema\/logo\/image\/"}}]}},"_links":{"self":[{"href":"https:\/\/harrypotterexhibition.com\/cs\/wp-json\/wp\/v2\/pages\/1997","targetHints":{"allow":["GET"]}}],"collection":[{"href":"https:\/\/harrypotterexhibition.com\/cs\/wp-json\/wp\/v2\/pages"}],"about":[{"href":"https:\/\/harrypotterexhibition.com\/cs\/wp-json\/wp\/v2\/types\/page"}],"author":[{"embeddable":true,"href":"https:\/\/harrypotterexhibition.com\/cs\/wp-json\/wp\/v2\/users\/7"}],"replies":[{"embeddable":true,"href":"https:\/\/harrypotterexhibition.com\/cs\/wp-json\/wp\/v2\/comments?post=1997"}],"version-history":[{"count":9,"href":"https:\/\/harrypotterexhibition.com\/cs\/wp-json\/wp\/v2\/pages\/1997\/revisions"}],"predecessor-version":[{"id":6008,"href":"https:\/\/harrypotterexhibition.com\/cs\/wp-json\/wp\/v2\/pages\/1997\/revisions\/6008"}],"wp:attachment":[{"href":"https:\/\/harrypotterexhibition.com\/cs\/wp-json\/wp\/v2\/media?parent=1997"}],"curies":[{"name":"wp","href":"https:\/\/api.w.org\/{rel}","templated":true}]}}