{"id":1663,"date":"2023-11-14T07:55:26","date_gmt":"2023-11-14T12:55:26","guid":{"rendered":"https:\/\/firstascentstaging.com\/hpx-main\/?page_id=1663"},"modified":"2025-11-07T10:18:56","modified_gmt":"2025-11-07T15:18:56","slug":"book-us","status":"publish","type":"page","link":"https:\/\/harrypotterexhibition.com\/hu\/book-us\/","title":{"rendered":"Foglal\u00e1s"},"content":{"rendered":"<div class=\"wp-block-cover alignfull is-style-page-header\"><img loading=\"lazy\" decoding=\"async\" width=\"1440\" height=\"434\" class=\"wp-block-cover__image-background wp-image-1334\" alt=\"\" src=\"https:\/\/harrypotterexhibition.com\/wp-content\/uploads\/2023\/10\/Harry_Potter_Exhibit___Atlanta_GA___Contigo_Photos__Films3736_1.png\" data-object-fit=\"cover\" srcset=\"https:\/\/harrypotterexhibition.com\/wp-content\/uploads\/2023\/10\/Harry_Potter_Exhibit___Atlanta_GA___Contigo_Photos__Films3736_1.png 1440w, https:\/\/harrypotterexhibition.com\/wp-content\/uploads\/2023\/10\/Harry_Potter_Exhibit___Atlanta_GA___Contigo_Photos__Films3736_1-300x90.png 300w, https:\/\/harrypotterexhibition.com\/wp-content\/uploads\/2023\/10\/Harry_Potter_Exhibit___Atlanta_GA___Contigo_Photos__Films3736_1-1024x309.png 1024w, https:\/\/harrypotterexhibition.com\/wp-content\/uploads\/2023\/10\/Harry_Potter_Exhibit___Atlanta_GA___Contigo_Photos__Films3736_1-768x231.png 768w, https:\/\/harrypotterexhibition.com\/wp-content\/uploads\/2023\/10\/Harry_Potter_Exhibit___Atlanta_GA___Contigo_Photos__Films3736_1-18x5.png 18w, https:\/\/harrypotterexhibition.com\/wp-content\/uploads\/2023\/10\/Harry_Potter_Exhibit___Atlanta_GA___Contigo_Photos__Films3736_1-820x247.png 820w\" sizes=\"auto, (max-width: 1440px) 100vw, 1440px\" \/><span aria-hidden=\"true\" class=\"wp-block-cover__background has-background-dim-30 has-background-dim\"><\/span><div class=\"wp-block-cover__inner-container is-layout-constrained wp-block-cover-is-layout-constrained\">\n<h1 class=\"wp-block-heading has-text-align-center is-style-page-title has-white-color has-text-color\">Foglal\u00e1s<\/h1>\n<\/div><\/div>\n\n\n\n<div class=\"wp-block-group alignfull is-style-stars-radial-background-primary is-layout-constrained wp-block-group-is-layout-constrained\" style=\"padding-top:var(--wp--preset--spacing--60);padding-bottom:var(--wp--preset--spacing--80)\" fad-animation-type=\"particles\" fad-animation-direction=\"up\" fad-animation-duration=\"0.75\">\n<div class=\"wp-block-columns is-layout-flex wp-container-core-columns-is-layout-28f84493 wp-block-columns-is-layout-flex\">\n<div class=\"wp-block-column is-layout-flow wp-block-column-is-layout-flow\" style=\"flex-basis:5%\"><\/div>\n\n\n\n<div class=\"wp-block-column is-layout-flow wp-block-column-is-layout-flow\">\n<h3 class=\"wp-block-heading has-text-align-center has-white-color has-text-color\"><strong>Ha szeretn\u00e9, hogy a Harry Potter\u2122: A ki\u00e1ll\u00edt\u00e1s eljusson az \u00d6n helysz\u00edn\u00e9re, k\u00e9rj\u00fck,<\/strong> <a href=\"https:\/\/harrypotterexhibition.com\/hu\/contact\/\">vegye fel vel\u00fcnk a kapcsolatot<\/a> <strong>hogy megtudja, mik\u00e9nt dolgozhatunk egy\u00fctt.<\/strong><\/h3>\n<\/div>\n\n\n\n<div class=\"wp-block-column is-layout-flow wp-block-column-is-layout-flow\" style=\"flex-basis:5%\"><\/div>\n<\/div>\n\n\n\n<div class=\"wp-block-columns is-layout-flex wp-container-core-columns-is-layout-4de7dbff wp-block-columns-is-layout-flex\" style=\"margin-top:5vw\">\n<div class=\"wp-block-column is-layout-flow wp-block-column-is-layout-flow\">\n<figure class=\"wp-block-image aligncenter size-full is-resized\"><img loading=\"lazy\" decoding=\"async\" width=\"633\" height=\"95\" src=\"https:\/\/harrypotterexhibition.com\/wp-content\/uploads\/2023\/10\/Group-667.png\" alt=\"\" class=\"wp-image-1314\" style=\"aspect-ratio:6.663157894736842;width:873px;height:auto\" srcset=\"https:\/\/harrypotterexhibition.com\/wp-content\/uploads\/2023\/10\/Group-667.png 633w, https:\/\/harrypotterexhibition.com\/wp-content\/uploads\/2023\/10\/Group-667-300x45.png 300w, https:\/\/harrypotterexhibition.com\/wp-content\/uploads\/2023\/10\/Group-667-18x3.png 18w\" sizes=\"auto, (max-width: 633px) 100vw, 633px\" \/><\/figure>\n<\/div>\n<\/div>\n\n\n\n<div class=\"wp-block-columns is-layout-flex wp-container-core-columns-is-layout-28f84493 wp-block-columns-is-layout-flex\">\n<div class=\"wp-block-column is-layout-flow wp-block-column-is-layout-flow\" style=\"flex-basis:18%\"><\/div>\n\n\n\n<div class=\"wp-block-column is-layout-flow wp-container-core-column-is-layout-5dafc681 wp-block-column-is-layout-flow\">\n<h2 class=\"wp-block-heading has-text-align-center\">Partnereink<\/h2>\n\n\n\n<p class=\"has-text-align-center\">A Harry Potter: A ki\u00e1ll\u00edt\u00e1s a Warner Bros. Discovery Global Themed Entertainment, az Imagine Exhibitions \u00e9s az EMC Presents egy\u00fcttm\u0171k\u00f6d\u00e9s\u00e9ben j\u00f6tt l\u00e9tre \u00e9s ker\u00fclt fejleszt\u00e9sre.&nbsp;<\/p>\n<\/div>\n\n\n\n<div class=\"wp-block-column is-layout-flow wp-block-column-is-layout-flow\" style=\"flex-basis:18%\"><\/div>\n<\/div>\n\n\n\n<div class=\"wp-block-columns is-not-stacked-on-mobile is-layout-flex wp-container-core-columns-is-layout-4de7dbff wp-block-columns-is-layout-flex\" style=\"margin-top:5vw\">\n<div class=\"wp-block-column is-layout-flow wp-block-column-is-layout-flow\" style=\"flex-basis:10%\"><\/div>\n\n\n\n<div class=\"wp-block-column is-vertically-aligned-center is-layout-flow wp-block-column-is-layout-flow\">\n<figure class=\"wp-block-image aligncenter size-full is-resized\"><a href=\"https:\/\/www.warnerbros.com\/\" target=\"_blank\" rel=\"noreferrer noopener\"><img loading=\"lazy\" decoding=\"async\" width=\"253\" height=\"246\" src=\"https:\/\/harrypotterexhibition.com\/wp-content\/uploads\/2023\/11\/warner-bros.png\" alt=\"\" class=\"wp-image-1726\" style=\"width:86px;height:auto\" srcset=\"https:\/\/harrypotterexhibition.com\/wp-content\/uploads\/2023\/11\/warner-bros.png 253w, https:\/\/harrypotterexhibition.com\/wp-content\/uploads\/2023\/11\/warner-bros-12x12.png 12w\" sizes=\"auto, (max-width: 253px) 100vw, 253px\" \/><\/a><\/figure>\n<\/div>\n\n\n\n<div class=\"wp-block-column is-vertically-aligned-center is-layout-flow wp-block-column-is-layout-flow\">\n<figure class=\"wp-block-image size-full is-resized\"><a href=\"https:\/\/www.theimagineteam.com\/\" target=\"_blank\" rel=\"noreferrer noopener\"><img loading=\"lazy\" decoding=\"async\" width=\"481\" height=\"164\" src=\"https:\/\/harrypotterexhibition.com\/wp-content\/uploads\/2024\/11\/hpximagine-logo.png\" alt=\"\" class=\"wp-image-4819\" style=\"width:190px\" srcset=\"https:\/\/harrypotterexhibition.com\/wp-content\/uploads\/2024\/11\/hpximagine-logo.png 481w, https:\/\/harrypotterexhibition.com\/wp-content\/uploads\/2024\/11\/hpximagine-logo-300x102.png 300w, https:\/\/harrypotterexhibition.com\/wp-content\/uploads\/2024\/11\/hpximagine-logo-18x6.png 18w\" sizes=\"auto, (max-width: 481px) 100vw, 481px\" \/><\/a><\/figure>\n<\/div>\n\n\n\n<div class=\"wp-block-column is-vertically-aligned-center is-layout-flow wp-block-column-is-layout-flow\">\n<figure class=\"wp-block-image aligncenter size-full is-resized\"><a href=\"https:\/\/www.emcpresents.com\/\" target=\"_blank\" rel=\"noreferrer noopener\"><img loading=\"lazy\" decoding=\"async\" width=\"300\" height=\"74\" src=\"https:\/\/harrypotterexhibition.com\/wp-content\/uploads\/2024\/04\/EventimLive.png\" alt=\"\" class=\"wp-image-3731\" style=\"width:240px\" srcset=\"https:\/\/harrypotterexhibition.com\/wp-content\/uploads\/2024\/04\/EventimLive.png 300w, https:\/\/harrypotterexhibition.com\/wp-content\/uploads\/2024\/04\/EventimLive-18x4.png 18w\" sizes=\"auto, (max-width: 300px) 100vw, 300px\" \/><\/a><\/figure>\n<\/div>\n\n\n\n<div class=\"wp-block-column is-layout-flow wp-block-column-is-layout-flow\" style=\"flex-basis:10%\"><\/div>\n<\/div>\n\n\n\n<div class=\"wp-block-columns is-layout-flex wp-container-core-columns-is-layout-dc63b7a3 wp-block-columns-is-layout-flex\" style=\"margin-top:var(--wp--preset--spacing--60)\">\n<div class=\"wp-block-column is-layout-flow wp-block-column-is-layout-flow\" style=\"flex-basis:15%\"><\/div>\n\n\n\n<div class=\"wp-block-column is-layout-flow wp-container-core-column-is-layout-0ab540ad wp-block-column-is-layout-flow\">\n<p><strong>A Warner Bros. Discovery Global Themed Entertainmentr\u0151l<\/strong><\/p>\n\n\n\n<p>Warner Bros. Discovery Global Brands and Experiences r\u00e9szlege, a vil\u00e1g egyik vezet\u0151 v\u00e1llalata a helysz\u00ednalap\u00fa sz\u00f3rakoztat\u00e1s, \u00e9l\u0151 esem\u00e9nyek, ki\u00e1ll\u00edt\u00e1sok \u00e9s vid\u00e1mparki \u00e9lm\u00e9nyek l\u00e9trehoz\u00e1sa, fejleszt\u00e9se \u00e9s licencel\u00e9se ter\u00e9n, amelyek a Warner Bros. ikonikus karakterein, t\u00f6rt\u00e9netein \u00e9s m\u00e1rk\u00e1in alapulnak.&nbsp;<\/p>\n\n\n\n<p class=\"translation-block\">Az Imagine Exhibitions-r\u0151l<\/p>\n\n\n\n<p>Az Imagine Exhibitions, Inc. vil\u00e1gszerte kifinomult, magas sz\u00ednvonal\u00fa \u00e9lm\u00e9nyeket hoz l\u00e9tre m\u00fazeumok, m\u00e1rk\u00e1k, helysz\u00ednek \u00e9s integr\u00e1lt \u00fcd\u00fcl\u0151k\u00f6zpontok sz\u00e1m\u00e1ra.<\/p>\n\n\n\n<p><em>Az Imagine Exhibitions vil\u00e1gszerte elismert arr\u00f3l, hogy a vil\u00e1g legizgalmasabb, t\u00f6rt\u00e9netk\u00f6zpont\u00fa \u00e9s elmer\u00fcl\u00e9st ny\u00fajt\u00f3 \u00e9lm\u00e9nyeit alkotja meg a k\u00f6z\u00f6ns\u00e9g sz\u00e1m\u00e1ra.<\/em><\/p>\n\n\n\n<p><em>Ha szeretne egy\u00fcttm\u0171k\u00f6dni az Imagine Exhibitions csapat\u00e1val egy \u00e9l\u0151 sz\u00f3rakoztat\u00f3 \u00e9lm\u00e9ny marketingj\u00e9ben, vagy megtekinten\u00e9 a c\u00e9g \u00e9l\u0151 ki\u00e1ll\u00edt\u00e1sainak portf\u00f3li\u00f3j\u00e1t, k\u00e9rj\u00fck, l\u00e1togassa meg az <a href=\"https:\/\/theimagineteam.com\/\" target=\"_blank\" rel=\"noreferrer noopener\">Imagine<\/a> weboldal\u00e1t.<\/em><\/p>\n\n\n\n<p><\/p>\n<\/div>\n\n\n\n<div class=\"wp-block-column is-layout-flow wp-block-column-is-layout-flow\" style=\"flex-basis:15%\"><\/div>\n<\/div>\n<\/div>","protected":false},"excerpt":{"rendered":"<p>If you\u2019d like to see Harry Potter\u2122: The Exhibition come to your venue, please contact us with any inquiries to learn how we can work together. Our Partners Harry Potter: [&hellip;]<\/p>\n","protected":false},"author":1,"featured_media":0,"parent":0,"menu_order":0,"comment_status":"closed","ping_status":"closed","template":"","meta":{"_acf_changed":false,"_monsterinsights_skip_tracking":false,"_monsterinsights_sitenote_active":false,"_monsterinsights_sitenote_note":"","_monsterinsights_sitenote_category":0,"footnotes":""},"class_list":["post-1663","page","type-page","status-publish","hentry"],"acf":[],"yoast_head":"<!-- This site is optimized with the Yoast SEO plugin v27.3 - https:\/\/yoast.com\/product\/yoast-seo-wordpress\/ -->\n<title>Book Us | Harry Potter\u2122: The Exhibition<\/title>\n<meta name=\"description\" content=\"Would you like to see Harry Potter\u2122: The Exhibition at your venue? Please reach out to us with any inquiries or questions regarding a potential collaboration.\" \/>\n<meta name=\"robots\" content=\"index, follow, max-snippet:-1, max-image-preview:large, max-video-preview:-1\" \/>\n<link rel=\"canonical\" href=\"https:\/\/harrypotterexhibition.com\/hu\/book-us\/\" \/>\n<meta property=\"og:locale\" content=\"hu_HU\" \/>\n<meta property=\"og:type\" content=\"article\" \/>\n<meta property=\"og:title\" content=\"Book Us | Harry Potter\u2122: The Exhibition\" \/>\n<meta property=\"og:description\" content=\"Would you like to see Harry Potter\u2122: The Exhibition at your venue? Please reach out to us with any inquiries or questions regarding a potential collaboration.\" \/>\n<meta property=\"og:url\" content=\"https:\/\/harrypotterexhibition.com\/hu\/book-us\/\" \/>\n<meta property=\"og:site_name\" content=\"Harry Potter\u2122: The Exhibition\" \/>\n<meta property=\"article:modified_time\" content=\"2025-11-07T15:18:56+00:00\" \/>\n<meta property=\"og:image\" content=\"https:\/\/harrypotterexhibition.com\/wp-content\/uploads\/2023\/10\/Harry_Potter_Exhibit___Atlanta_GA___Contigo_Photos__Films3736_1.png\" \/>\n\t<meta property=\"og:image:width\" content=\"1440\" \/>\n\t<meta property=\"og:image:height\" content=\"434\" \/>\n\t<meta property=\"og:image:type\" content=\"image\/png\" \/>\n<meta name=\"twitter:card\" content=\"summary_large_image\" \/>\n<script type=\"application\/ld+json\" class=\"yoast-schema-graph\">{\"@context\":\"https:\\\/\\\/schema.org\",\"@graph\":[{\"@type\":\"WebPage\",\"@id\":\"https:\\\/\\\/harrypotterexhibition.com\\\/book-us\\\/\",\"url\":\"https:\\\/\\\/harrypotterexhibition.com\\\/book-us\\\/\",\"name\":\"Book Us | Harry Potter\u2122: The Exhibition\",\"isPartOf\":{\"@id\":\"https:\\\/\\\/harrypotterexhibition.com\\\/zh\\\/#website\"},\"primaryImageOfPage\":{\"@id\":\"https:\\\/\\\/harrypotterexhibition.com\\\/book-us\\\/#primaryimage\"},\"image\":{\"@id\":\"https:\\\/\\\/harrypotterexhibition.com\\\/book-us\\\/#primaryimage\"},\"thumbnailUrl\":\"https:\\\/\\\/harrypotterexhibition.com\\\/wp-content\\\/uploads\\\/2023\\\/10\\\/Harry_Potter_Exhibit___Atlanta_GA___Contigo_Photos__Films3736_1.png\",\"datePublished\":\"2023-11-14T12:55:26+00:00\",\"dateModified\":\"2025-11-07T15:18:56+00:00\",\"description\":\"Would you like to see Harry Potter\u2122: The Exhibition at your venue? Please reach out to us with any inquiries or questions regarding a potential collaboration.\",\"breadcrumb\":{\"@id\":\"https:\\\/\\\/harrypotterexhibition.com\\\/book-us\\\/#breadcrumb\"},\"inLanguage\":\"hu\",\"potentialAction\":[{\"@type\":\"ReadAction\",\"target\":[\"https:\\\/\\\/harrypotterexhibition.com\\\/book-us\\\/\"]}]},{\"@type\":\"ImageObject\",\"inLanguage\":\"hu\",\"@id\":\"https:\\\/\\\/harrypotterexhibition.com\\\/book-us\\\/#primaryimage\",\"url\":\"https:\\\/\\\/harrypotterexhibition.com\\\/wp-content\\\/uploads\\\/2023\\\/10\\\/Harry_Potter_Exhibit___Atlanta_GA___Contigo_Photos__Films3736_1.png\",\"contentUrl\":\"https:\\\/\\\/harrypotterexhibition.com\\\/wp-content\\\/uploads\\\/2023\\\/10\\\/Harry_Potter_Exhibit___Atlanta_GA___Contigo_Photos__Films3736_1.png\"},{\"@type\":\"BreadcrumbList\",\"@id\":\"https:\\\/\\\/harrypotterexhibition.com\\\/book-us\\\/#breadcrumb\",\"itemListElement\":[{\"@type\":\"ListItem\",\"position\":1,\"name\":\"Home\",\"item\":\"https:\\\/\\\/harrypotterexhibition.com\\\/\"},{\"@type\":\"ListItem\",\"position\":2,\"name\":\"Book Us\"}]},{\"@type\":\"WebSite\",\"@id\":\"https:\\\/\\\/harrypotterexhibition.com\\\/zh\\\/#website\",\"url\":\"https:\\\/\\\/harrypotterexhibition.com\\\/zh\\\/\",\"name\":\"Harry Potter\u2122: The Exhibition\",\"description\":\"\",\"publisher\":{\"@id\":\"https:\\\/\\\/harrypotterexhibition.com\\\/zh\\\/#organization\"},\"potentialAction\":[{\"@type\":\"SearchAction\",\"target\":{\"@type\":\"EntryPoint\",\"urlTemplate\":\"https:\\\/\\\/harrypotterexhibition.com\\\/zh\\\/?s={search_term_string}\"},\"query-input\":{\"@type\":\"PropertyValueSpecification\",\"valueRequired\":true,\"valueName\":\"search_term_string\"}}],\"inLanguage\":\"hu\"},{\"@type\":\"Organization\",\"@id\":\"https:\\\/\\\/harrypotterexhibition.com\\\/zh\\\/#organization\",\"name\":\"Harry Potter\u2122: The Exhibition\",\"url\":\"https:\\\/\\\/harrypotterexhibition.com\\\/zh\\\/\",\"logo\":{\"@type\":\"ImageObject\",\"inLanguage\":\"hu\",\"@id\":\"https:\\\/\\\/harrypotterexhibition.com\\\/zh\\\/#\\\/schema\\\/logo\\\/image\\\/\",\"url\":\"https:\\\/\\\/harrypotterexhibition.com\\\/wp-content\\\/uploads\\\/2023\\\/09\\\/HPX-Footer-Logo.png\",\"contentUrl\":\"https:\\\/\\\/harrypotterexhibition.com\\\/wp-content\\\/uploads\\\/2023\\\/09\\\/HPX-Footer-Logo.png\",\"width\":573,\"height\":501,\"caption\":\"Harry Potter\u2122: The Exhibition\"},\"image\":{\"@id\":\"https:\\\/\\\/harrypotterexhibition.com\\\/zh\\\/#\\\/schema\\\/logo\\\/image\\\/\"}}]}<\/script>\n<!-- \/ Yoast SEO plugin. -->","yoast_head_json":{"title":"Book Us | Harry Potter\u2122: The Exhibition","description":"Would you like to see Harry Potter\u2122: The Exhibition at your venue? Please reach out to us with any inquiries or questions regarding a potential collaboration.","robots":{"index":"index","follow":"follow","max-snippet":"max-snippet:-1","max-image-preview":"max-image-preview:large","max-video-preview":"max-video-preview:-1"},"canonical":"https:\/\/harrypotterexhibition.com\/hu\/book-us\/","og_locale":"hu_HU","og_type":"article","og_title":"Book Us | Harry Potter\u2122: The Exhibition","og_description":"Would you like to see Harry Potter\u2122: The Exhibition at your venue? Please reach out to us with any inquiries or questions regarding a potential collaboration.","og_url":"https:\/\/harrypotterexhibition.com\/hu\/book-us\/","og_site_name":"Harry Potter\u2122: The Exhibition","article_modified_time":"2025-11-07T15:18:56+00:00","og_image":[{"width":1440,"height":434,"url":"https:\/\/harrypotterexhibition.com\/wp-content\/uploads\/2023\/10\/Harry_Potter_Exhibit___Atlanta_GA___Contigo_Photos__Films3736_1.png","type":"image\/png"}],"twitter_card":"summary_large_image","schema":{"@context":"https:\/\/schema.org","@graph":[{"@type":"WebPage","@id":"https:\/\/harrypotterexhibition.com\/book-us\/","url":"https:\/\/harrypotterexhibition.com\/book-us\/","name":"Book Us | Harry Potter\u2122: The Exhibition","isPartOf":{"@id":"https:\/\/harrypotterexhibition.com\/zh\/#website"},"primaryImageOfPage":{"@id":"https:\/\/harrypotterexhibition.com\/book-us\/#primaryimage"},"image":{"@id":"https:\/\/harrypotterexhibition.com\/book-us\/#primaryimage"},"thumbnailUrl":"https:\/\/harrypotterexhibition.com\/wp-content\/uploads\/2023\/10\/Harry_Potter_Exhibit___Atlanta_GA___Contigo_Photos__Films3736_1.png","datePublished":"2023-11-14T12:55:26+00:00","dateModified":"2025-11-07T15:18:56+00:00","description":"Would you like to see Harry Potter\u2122: The Exhibition at your venue? Please reach out to us with any inquiries or questions regarding a potential collaboration.","breadcrumb":{"@id":"https:\/\/harrypotterexhibition.com\/book-us\/#breadcrumb"},"inLanguage":"hu","potentialAction":[{"@type":"ReadAction","target":["https:\/\/harrypotterexhibition.com\/book-us\/"]}]},{"@type":"ImageObject","inLanguage":"hu","@id":"https:\/\/harrypotterexhibition.com\/book-us\/#primaryimage","url":"https:\/\/harrypotterexhibition.com\/wp-content\/uploads\/2023\/10\/Harry_Potter_Exhibit___Atlanta_GA___Contigo_Photos__Films3736_1.png","contentUrl":"https:\/\/harrypotterexhibition.com\/wp-content\/uploads\/2023\/10\/Harry_Potter_Exhibit___Atlanta_GA___Contigo_Photos__Films3736_1.png"},{"@type":"BreadcrumbList","@id":"https:\/\/harrypotterexhibition.com\/book-us\/#breadcrumb","itemListElement":[{"@type":"ListItem","position":1,"name":"Home","item":"https:\/\/harrypotterexhibition.com\/"},{"@type":"ListItem","position":2,"name":"Book Us"}]},{"@type":"WebSite","@id":"https:\/\/harrypotterexhibition.com\/zh\/#website","url":"https:\/\/harrypotterexhibition.com\/zh\/","name":"A <strong><mark class=\"has-inline-color has-secondary-color\">Harry Potter\u2122: A ki\u00e1ll\u00edt\u00e1s<\/mark><\/strong>","description":"","publisher":{"@id":"https:\/\/harrypotterexhibition.com\/zh\/#organization"},"potentialAction":[{"@type":"SearchAction","target":{"@type":"EntryPoint","urlTemplate":"https:\/\/harrypotterexhibition.com\/zh\/?s={search_term_string}"},"query-input":{"@type":"PropertyValueSpecification","valueRequired":true,"valueName":"search_term_string"}}],"inLanguage":"hu"},{"@type":"Organization","@id":"https:\/\/harrypotterexhibition.com\/zh\/#organization","name":"A <strong><mark class=\"has-inline-color has-secondary-color\">Harry Potter\u2122: A ki\u00e1ll\u00edt\u00e1s<\/mark><\/strong>","url":"https:\/\/harrypotterexhibition.com\/zh\/","logo":{"@type":"ImageObject","inLanguage":"hu","@id":"https:\/\/harrypotterexhibition.com\/zh\/#\/schema\/logo\/image\/","url":"https:\/\/harrypotterexhibition.com\/wp-content\/uploads\/2023\/09\/HPX-Footer-Logo.png","contentUrl":"https:\/\/harrypotterexhibition.com\/wp-content\/uploads\/2023\/09\/HPX-Footer-Logo.png","width":573,"height":501,"caption":"Harry Potter\u2122: The Exhibition"},"image":{"@id":"https:\/\/harrypotterexhibition.com\/zh\/#\/schema\/logo\/image\/"}}]}},"_links":{"self":[{"href":"https:\/\/harrypotterexhibition.com\/hu\/wp-json\/wp\/v2\/pages\/1663","targetHints":{"allow":["GET"]}}],"collection":[{"href":"https:\/\/harrypotterexhibition.com\/hu\/wp-json\/wp\/v2\/pages"}],"about":[{"href":"https:\/\/harrypotterexhibition.com\/hu\/wp-json\/wp\/v2\/types\/page"}],"author":[{"embeddable":true,"href":"https:\/\/harrypotterexhibition.com\/hu\/wp-json\/wp\/v2\/users\/1"}],"replies":[{"embeddable":true,"href":"https:\/\/harrypotterexhibition.com\/hu\/wp-json\/wp\/v2\/comments?post=1663"}],"version-history":[{"count":13,"href":"https:\/\/harrypotterexhibition.com\/hu\/wp-json\/wp\/v2\/pages\/1663\/revisions"}],"predecessor-version":[{"id":6816,"href":"https:\/\/harrypotterexhibition.com\/hu\/wp-json\/wp\/v2\/pages\/1663\/revisions\/6816"}],"wp:attachment":[{"href":"https:\/\/harrypotterexhibition.com\/hu\/wp-json\/wp\/v2\/media?parent=1663"}],"curies":[{"name":"wp","href":"https:\/\/api.w.org\/{rel}","templated":true}]}}