{"id":5032,"date":"2024-12-06T13:06:12","date_gmt":"2024-12-06T18:06:12","guid":{"rendered":"https:\/\/harrypotterexhibition.com\/?page_id=5032"},"modified":"2025-04-04T12:09:10","modified_gmt":"2025-04-04T16:09:10","slug":"boston-sensory-experience","status":"publish","type":"page","link":"https:\/\/harrypotterexhibition.com\/hu\/boston-sensory-experience\/","title":{"rendered":"Sensory Inclusive Experience (Boston)"},"content":{"rendered":"<div class=\"wp-block-cover alignfull is-style-page-header\"><span aria-hidden=\"true\" class=\"wp-block-cover__background has-background-dim-30 has-background-dim\" style=\"background-color:#1d233d\"><\/span><img loading=\"lazy\" decoding=\"async\" width=\"2560\" height=\"1920\" class=\"wp-block-cover__image-background wp-image-5039\" alt=\"\" src=\"https:\/\/harrypotterexhibition.com\/wp-content\/uploads\/2024\/12\/Sensory_006.png\" data-object-fit=\"cover\" srcset=\"https:\/\/harrypotterexhibition.com\/wp-content\/uploads\/2024\/12\/Sensory_006.png 2560w, https:\/\/harrypotterexhibition.com\/wp-content\/uploads\/2024\/12\/Sensory_006-300x225.png 300w, https:\/\/harrypotterexhibition.com\/wp-content\/uploads\/2024\/12\/Sensory_006-1024x768.png 1024w, https:\/\/harrypotterexhibition.com\/wp-content\/uploads\/2024\/12\/Sensory_006-768x576.png 768w, https:\/\/harrypotterexhibition.com\/wp-content\/uploads\/2024\/12\/Sensory_006-1536x1152.png 1536w, https:\/\/harrypotterexhibition.com\/wp-content\/uploads\/2024\/12\/Sensory_006-2048x1536.png 2048w, https:\/\/harrypotterexhibition.com\/wp-content\/uploads\/2024\/12\/Sensory_006-16x12.png 16w, https:\/\/harrypotterexhibition.com\/wp-content\/uploads\/2024\/12\/Sensory_006-1920x1440.png 1920w, https:\/\/harrypotterexhibition.com\/wp-content\/uploads\/2024\/12\/Sensory_006-600x450.png 600w\" sizes=\"auto, (max-width: 2560px) 100vw, 2560px\" \/><div class=\"wp-block-cover__inner-container is-layout-constrained wp-block-cover-is-layout-constrained\">\n<h1 class=\"wp-block-heading has-text-align-center is-style-page-title\">Sensory-Certified Experience<\/h1>\n<\/div><\/div>\n\n\n\n<div style=\"height:10px\" aria-hidden=\"true\" class=\"wp-block-spacer\"><\/div>\n\n\n\n<h2 class=\"wp-block-heading has-text-align-left has-white-color has-text-color has-link-color has-large-font-size wp-elements-5a75cd33ae4189c1026d2bf76d0ea7b3\"><strong><mark style=\"background-color:rgba(0, 0, 0, 0)\" class=\"has-inline-color has-secondary-color\">Harry Potter: The Exhibition is a Sensory Inclusive\u2122 Certified Experience welcoming visitors with sensory needs every day.&nbsp;<\/mark><\/strong><\/h2>\n\n\n\n<div style=\"height:5px\" aria-hidden=\"true\" class=\"wp-block-spacer\"><\/div>\n\n\n\n<p>Harry Potter: The Exhibition has partnered with KultureCity to create a more comfortable and less overwhelming experience for guests with sensory needs (such as PTSD, autism, anxiety, and others) or those who identify as part of the neurodivergent community.&nbsp;<br><\/p>\n\n\n\n<p>Ask for a KultureCity sensory bag at the box office. Bags include:<\/p>\n\n\n\n<ul class=\"wp-block-list\">\n<li>Noise-canceling headphones<\/li>\n\n\n\n<li>Fidget tools<\/li>\n\n\n\n<li>Strobe reduction glasses<\/li>\n\n\n\n<li>A communication card<\/li>\n\n\n\n<li>Additionally, a designated quiet room is accessible to provide a calm and safe space to guests who feel overwhelmed and may need a moment to relax and recharge.<br><\/li>\n<\/ul>\n\n\n\n<p>To prepare for your visit, <a href=\"https:\/\/venue.kulturecity.org\/venues\/harry-potter-exhibition?utm_source=harrypotterexhibition.com&amp;utm_medium=website\" target=\"_blank\" rel=\"noreferrer noopener\"><strong>CLICK HERE<\/strong> <\/a>to see the Sensory Story hosted on the KultureCity website.<\/p>\n\n\n\n<div class=\"wp-block-buttons audio-button-block is-content-justification-left is-layout-flex wp-container-core-buttons-is-layout-fc4fd283 wp-block-buttons-is-layout-flex\">\n<div class=\"wp-block-button\"><a class=\"wp-block-button__link wp-element-button\" href=\"https:\/\/www.eventim.com\/artist\/harry-potter-the-exhibition-boston\/?affiliate=1BS\" target=\"_blank\" rel=\"noreferrer noopener\">JEGYV\u00c1S\u00c1RL\u00c1S<\/a><\/div>\n<\/div>\n\n\n\n<div style=\"height:10px\" aria-hidden=\"true\" class=\"wp-block-spacer is-style-default\"><\/div>\n\n\n\n<h3 class=\"wp-block-heading has-text-align-left\"><strong><mark style=\"background-color:rgba(0, 0, 0, 0)\" class=\"has-inline-color has-secondary-color\">GROUPS<\/mark><\/strong><\/h3>\n\n\n\n<p><br>Organizations and groups can reach out to set up their own dedicated time for a Sensory experience where guests can expect a modified environment that accommodates sensory needs. In addition to the KultureCity\u00ae Sensory Bags being readily available, additional modifications include dimmed lights, minimized smells and sounds, and the incorporation of quiet spaces throughout the galleries.&nbsp;<\/p>\n\n\n\n<div class=\"wp-block-buttons audio-button-block is-content-justification-left is-layout-flex wp-container-core-buttons-is-layout-fc4fd283 wp-block-buttons-is-layout-flex\">\n<div class=\"wp-block-button\"><a class=\"wp-block-button__link wp-element-button\" href=\"https:\/\/harrypotterexhibition.com\/hu\/boston-group-sales\/\">CONTACT US<\/a><\/div>\n<\/div>\n\n\n\n<div style=\"height:5px\" aria-hidden=\"true\" class=\"wp-block-spacer\"><\/div>\n\n\n\n<p>We invite you to join us in fostering an environment where everyone can inclusively experience the behind-the-scenes film-making magic of the expanded Harry Potter world.<\/p>\n\n\n\n<p>Our ongoing partnership with KultureCity is making Harry Potter\u2122: The Exhibition a more sensory-inclusive experience. Together, we\u2019re committed to providing an atmosphere dedicated to inclusivity and a safe space where every guest can discover the magic at Harry Potter: The Exhibition.<\/p>","protected":false},"excerpt":{"rendered":"<p>Harry Potter: The Exhibition is a Sensory Inclusive\u2122 Certified Experience welcoming visitors with sensory needs every day.&nbsp; Harry Potter: The Exhibition has partnered with KultureCity to create a more comfortable [&hellip;]<\/p>\n","protected":false},"author":1,"featured_media":0,"parent":0,"menu_order":0,"comment_status":"closed","ping_status":"closed","template":"","meta":{"_acf_changed":false,"_monsterinsights_skip_tracking":false,"_monsterinsights_sitenote_active":false,"_monsterinsights_sitenote_note":"","_monsterinsights_sitenote_category":0,"footnotes":""},"class_list":["post-5032","page","type-page","status-publish","hentry"],"acf":[],"yoast_head":"<!-- This site is optimized with the Yoast SEO plugin v27.3 - https:\/\/yoast.com\/product\/yoast-seo-wordpress\/ -->\n<title>Sensory Inclusive Experience (Boston) | Harry Potter\u2122: The Exhibition<\/title>\n<meta name=\"description\" content=\"Harry Potter: The Exhibition is a Sensory-Certified Experience welcoming visitors with sensory needs every day.\" \/>\n<meta name=\"robots\" content=\"index, follow, max-snippet:-1, max-image-preview:large, max-video-preview:-1\" \/>\n<link rel=\"canonical\" href=\"https:\/\/harrypotterexhibition.com\/hu\/boston-sensory-experience\/\" \/>\n<meta property=\"og:locale\" content=\"hu_HU\" \/>\n<meta property=\"og:type\" content=\"article\" \/>\n<meta property=\"og:title\" content=\"Sensory Inclusive Experience (Boston) | Harry Potter\u2122: The Exhibition\" \/>\n<meta property=\"og:description\" content=\"Harry Potter: The Exhibition is a Sensory-Certified Experience welcoming visitors with sensory needs every day.\" \/>\n<meta property=\"og:url\" content=\"https:\/\/harrypotterexhibition.com\/hu\/boston-sensory-experience\/\" \/>\n<meta property=\"og:site_name\" content=\"Harry Potter\u2122: The Exhibition\" \/>\n<meta property=\"article:modified_time\" content=\"2025-04-04T16:09:10+00:00\" \/>\n<meta property=\"og:image\" content=\"https:\/\/harrypotterexhibition.com\/wp-content\/uploads\/2024\/12\/Sensory_006-1024x768.png\" \/>\n\t<meta property=\"og:image:width\" content=\"1024\" \/>\n\t<meta property=\"og:image:height\" content=\"768\" \/>\n\t<meta property=\"og:image:type\" content=\"image\/png\" \/>\n<meta name=\"twitter:card\" content=\"summary_large_image\" \/>\n<script type=\"application\/ld+json\" class=\"yoast-schema-graph\">{\"@context\":\"https:\\\/\\\/schema.org\",\"@graph\":[{\"@type\":\"WebPage\",\"@id\":\"https:\\\/\\\/harrypotterexhibition.com\\\/boston-sensory-experience\\\/\",\"url\":\"https:\\\/\\\/harrypotterexhibition.com\\\/boston-sensory-experience\\\/\",\"name\":\"Sensory Inclusive Experience (Boston) | Harry Potter\u2122: The Exhibition\",\"isPartOf\":{\"@id\":\"https:\\\/\\\/harrypotterexhibition.com\\\/zh\\\/#website\"},\"primaryImageOfPage\":{\"@id\":\"https:\\\/\\\/harrypotterexhibition.com\\\/boston-sensory-experience\\\/#primaryimage\"},\"image\":{\"@id\":\"https:\\\/\\\/harrypotterexhibition.com\\\/boston-sensory-experience\\\/#primaryimage\"},\"thumbnailUrl\":\"https:\\\/\\\/harrypotterexhibition.com\\\/wp-content\\\/uploads\\\/2024\\\/12\\\/Sensory_006.png\",\"datePublished\":\"2024-12-06T18:06:12+00:00\",\"dateModified\":\"2025-04-04T16:09:10+00:00\",\"description\":\"Harry Potter: The Exhibition is a Sensory-Certified Experience welcoming visitors with sensory needs every day.\",\"breadcrumb\":{\"@id\":\"https:\\\/\\\/harrypotterexhibition.com\\\/boston-sensory-experience\\\/#breadcrumb\"},\"inLanguage\":\"hu\",\"potentialAction\":[{\"@type\":\"ReadAction\",\"target\":[\"https:\\\/\\\/harrypotterexhibition.com\\\/boston-sensory-experience\\\/\"]}]},{\"@type\":\"ImageObject\",\"inLanguage\":\"hu\",\"@id\":\"https:\\\/\\\/harrypotterexhibition.com\\\/boston-sensory-experience\\\/#primaryimage\",\"url\":\"https:\\\/\\\/harrypotterexhibition.com\\\/wp-content\\\/uploads\\\/2024\\\/12\\\/Sensory_006.png\",\"contentUrl\":\"https:\\\/\\\/harrypotterexhibition.com\\\/wp-content\\\/uploads\\\/2024\\\/12\\\/Sensory_006.png\"},{\"@type\":\"BreadcrumbList\",\"@id\":\"https:\\\/\\\/harrypotterexhibition.com\\\/boston-sensory-experience\\\/#breadcrumb\",\"itemListElement\":[{\"@type\":\"ListItem\",\"position\":1,\"name\":\"Home\",\"item\":\"https:\\\/\\\/harrypotterexhibition.com\\\/\"},{\"@type\":\"ListItem\",\"position\":2,\"name\":\"Sensory Inclusive Experience (Boston)\"}]},{\"@type\":\"WebSite\",\"@id\":\"https:\\\/\\\/harrypotterexhibition.com\\\/zh\\\/#website\",\"url\":\"https:\\\/\\\/harrypotterexhibition.com\\\/zh\\\/\",\"name\":\"Harry Potter\u2122: The Exhibition\",\"description\":\"\",\"publisher\":{\"@id\":\"https:\\\/\\\/harrypotterexhibition.com\\\/zh\\\/#organization\"},\"potentialAction\":[{\"@type\":\"SearchAction\",\"target\":{\"@type\":\"EntryPoint\",\"urlTemplate\":\"https:\\\/\\\/harrypotterexhibition.com\\\/zh\\\/?s={search_term_string}\"},\"query-input\":{\"@type\":\"PropertyValueSpecification\",\"valueRequired\":true,\"valueName\":\"search_term_string\"}}],\"inLanguage\":\"hu\"},{\"@type\":\"Organization\",\"@id\":\"https:\\\/\\\/harrypotterexhibition.com\\\/zh\\\/#organization\",\"name\":\"Harry Potter\u2122: The Exhibition\",\"url\":\"https:\\\/\\\/harrypotterexhibition.com\\\/zh\\\/\",\"logo\":{\"@type\":\"ImageObject\",\"inLanguage\":\"hu\",\"@id\":\"https:\\\/\\\/harrypotterexhibition.com\\\/zh\\\/#\\\/schema\\\/logo\\\/image\\\/\",\"url\":\"https:\\\/\\\/harrypotterexhibition.com\\\/wp-content\\\/uploads\\\/2023\\\/09\\\/HPX-Footer-Logo.png\",\"contentUrl\":\"https:\\\/\\\/harrypotterexhibition.com\\\/wp-content\\\/uploads\\\/2023\\\/09\\\/HPX-Footer-Logo.png\",\"width\":573,\"height\":501,\"caption\":\"Harry Potter\u2122: The Exhibition\"},\"image\":{\"@id\":\"https:\\\/\\\/harrypotterexhibition.com\\\/zh\\\/#\\\/schema\\\/logo\\\/image\\\/\"}}]}<\/script>\n<!-- \/ Yoast SEO plugin. -->","yoast_head_json":{"title":"Sensory Inclusive Experience (Boston) | Harry Potter\u2122: The Exhibition","description":"Harry Potter: The Exhibition is a Sensory-Certified Experience welcoming visitors with sensory needs every day.","robots":{"index":"index","follow":"follow","max-snippet":"max-snippet:-1","max-image-preview":"max-image-preview:large","max-video-preview":"max-video-preview:-1"},"canonical":"https:\/\/harrypotterexhibition.com\/hu\/boston-sensory-experience\/","og_locale":"hu_HU","og_type":"article","og_title":"Sensory Inclusive Experience (Boston) | Harry Potter\u2122: The Exhibition","og_description":"Harry Potter: The Exhibition is a Sensory-Certified Experience welcoming visitors with sensory needs every day.","og_url":"https:\/\/harrypotterexhibition.com\/hu\/boston-sensory-experience\/","og_site_name":"Harry Potter\u2122: The Exhibition","article_modified_time":"2025-04-04T16:09:10+00:00","og_image":[{"width":1024,"height":768,"url":"https:\/\/harrypotterexhibition.com\/wp-content\/uploads\/2024\/12\/Sensory_006-1024x768.png","type":"image\/png"}],"twitter_card":"summary_large_image","schema":{"@context":"https:\/\/schema.org","@graph":[{"@type":"WebPage","@id":"https:\/\/harrypotterexhibition.com\/boston-sensory-experience\/","url":"https:\/\/harrypotterexhibition.com\/boston-sensory-experience\/","name":"Sensory Inclusive Experience (Boston) | Harry Potter\u2122: The Exhibition","isPartOf":{"@id":"https:\/\/harrypotterexhibition.com\/zh\/#website"},"primaryImageOfPage":{"@id":"https:\/\/harrypotterexhibition.com\/boston-sensory-experience\/#primaryimage"},"image":{"@id":"https:\/\/harrypotterexhibition.com\/boston-sensory-experience\/#primaryimage"},"thumbnailUrl":"https:\/\/harrypotterexhibition.com\/wp-content\/uploads\/2024\/12\/Sensory_006.png","datePublished":"2024-12-06T18:06:12+00:00","dateModified":"2025-04-04T16:09:10+00:00","description":"Harry Potter: The Exhibition is a Sensory-Certified Experience welcoming visitors with sensory needs every day.","breadcrumb":{"@id":"https:\/\/harrypotterexhibition.com\/boston-sensory-experience\/#breadcrumb"},"inLanguage":"hu","potentialAction":[{"@type":"ReadAction","target":["https:\/\/harrypotterexhibition.com\/boston-sensory-experience\/"]}]},{"@type":"ImageObject","inLanguage":"hu","@id":"https:\/\/harrypotterexhibition.com\/boston-sensory-experience\/#primaryimage","url":"https:\/\/harrypotterexhibition.com\/wp-content\/uploads\/2024\/12\/Sensory_006.png","contentUrl":"https:\/\/harrypotterexhibition.com\/wp-content\/uploads\/2024\/12\/Sensory_006.png"},{"@type":"BreadcrumbList","@id":"https:\/\/harrypotterexhibition.com\/boston-sensory-experience\/#breadcrumb","itemListElement":[{"@type":"ListItem","position":1,"name":"Home","item":"https:\/\/harrypotterexhibition.com\/"},{"@type":"ListItem","position":2,"name":"Sensory Inclusive Experience (Boston)"}]},{"@type":"WebSite","@id":"https:\/\/harrypotterexhibition.com\/zh\/#website","url":"https:\/\/harrypotterexhibition.com\/zh\/","name":"A <strong><mark class=\"has-inline-color has-secondary-color\">Harry Potter\u2122: A ki\u00e1ll\u00edt\u00e1s<\/mark><\/strong>","description":"","publisher":{"@id":"https:\/\/harrypotterexhibition.com\/zh\/#organization"},"potentialAction":[{"@type":"SearchAction","target":{"@type":"EntryPoint","urlTemplate":"https:\/\/harrypotterexhibition.com\/zh\/?s={search_term_string}"},"query-input":{"@type":"PropertyValueSpecification","valueRequired":true,"valueName":"search_term_string"}}],"inLanguage":"hu"},{"@type":"Organization","@id":"https:\/\/harrypotterexhibition.com\/zh\/#organization","name":"A <strong><mark class=\"has-inline-color has-secondary-color\">Harry Potter\u2122: A ki\u00e1ll\u00edt\u00e1s<\/mark><\/strong>","url":"https:\/\/harrypotterexhibition.com\/zh\/","logo":{"@type":"ImageObject","inLanguage":"hu","@id":"https:\/\/harrypotterexhibition.com\/zh\/#\/schema\/logo\/image\/","url":"https:\/\/harrypotterexhibition.com\/wp-content\/uploads\/2023\/09\/HPX-Footer-Logo.png","contentUrl":"https:\/\/harrypotterexhibition.com\/wp-content\/uploads\/2023\/09\/HPX-Footer-Logo.png","width":573,"height":501,"caption":"Harry Potter\u2122: The Exhibition"},"image":{"@id":"https:\/\/harrypotterexhibition.com\/zh\/#\/schema\/logo\/image\/"}}]}},"_links":{"self":[{"href":"https:\/\/harrypotterexhibition.com\/hu\/wp-json\/wp\/v2\/pages\/5032","targetHints":{"allow":["GET"]}}],"collection":[{"href":"https:\/\/harrypotterexhibition.com\/hu\/wp-json\/wp\/v2\/pages"}],"about":[{"href":"https:\/\/harrypotterexhibition.com\/hu\/wp-json\/wp\/v2\/types\/page"}],"author":[{"embeddable":true,"href":"https:\/\/harrypotterexhibition.com\/hu\/wp-json\/wp\/v2\/users\/1"}],"replies":[{"embeddable":true,"href":"https:\/\/harrypotterexhibition.com\/hu\/wp-json\/wp\/v2\/comments?post=5032"}],"version-history":[{"count":13,"href":"https:\/\/harrypotterexhibition.com\/hu\/wp-json\/wp\/v2\/pages\/5032\/revisions"}],"predecessor-version":[{"id":5961,"href":"https:\/\/harrypotterexhibition.com\/hu\/wp-json\/wp\/v2\/pages\/5032\/revisions\/5961"}],"wp:attachment":[{"href":"https:\/\/harrypotterexhibition.com\/hu\/wp-json\/wp\/v2\/media?parent=5032"}],"curies":[{"name":"wp","href":"https:\/\/api.w.org\/{rel}","templated":true}]}}