{"id":6396,"date":"2025-06-30T06:07:46","date_gmt":"2025-06-30T10:07:46","guid":{"rendered":"https:\/\/harrypotterexhibition.com\/?page_id=6396"},"modified":"2025-06-30T06:08:47","modified_gmt":"2025-06-30T10:08:47","slug":"abu-dhabi-press","status":"publish","type":"page","link":"https:\/\/harrypotterexhibition.com\/hu\/press\/abu-dhabi-press\/","title":{"rendered":"Abu Dhabi Press"},"content":{"rendered":"<div class=\"wp-block-cover alignfull is-style-page-header\"><img loading=\"lazy\" decoding=\"async\" width=\"1440\" height=\"434\" class=\"wp-block-cover__image-background wp-image-1338\" alt=\"\" src=\"https:\/\/harrypotterexhibition.com\/wp-content\/uploads\/2023\/10\/TI16096_1.jpg\" data-object-fit=\"cover\" srcset=\"https:\/\/harrypotterexhibition.com\/wp-content\/uploads\/2023\/10\/TI16096_1.jpg 1440w, https:\/\/harrypotterexhibition.com\/wp-content\/uploads\/2023\/10\/TI16096_1-300x90.jpg 300w, https:\/\/harrypotterexhibition.com\/wp-content\/uploads\/2023\/10\/TI16096_1-1024x309.jpg 1024w, https:\/\/harrypotterexhibition.com\/wp-content\/uploads\/2023\/10\/TI16096_1-768x231.jpg 768w, https:\/\/harrypotterexhibition.com\/wp-content\/uploads\/2023\/10\/TI16096_1-18x5.jpg 18w, https:\/\/harrypotterexhibition.com\/wp-content\/uploads\/2023\/10\/TI16096_1-820x247.jpg 820w\" sizes=\"auto, (max-width: 1440px) 100vw, 1440px\" \/><span aria-hidden=\"true\" class=\"wp-block-cover__background has-background-dim-30 has-background-dim\"><\/span><div class=\"wp-block-cover__inner-container is-layout-constrained wp-block-cover-is-layout-constrained\">\n<h1 class=\"wp-block-heading has-text-align-center is-style-page-title has-white-color has-text-color\">Abu Dhabi Press Releases<\/h1>\n<\/div><\/div>\n\n\n\n<div class=\"wp-block-group is-style-stars is-layout-constrained wp-block-group-is-layout-constrained\" style=\"padding-top:var(--wp--preset--spacing--70);padding-bottom:var(--wp--preset--spacing--70)\">\n<div class=\"wp-block-columns is-layout-flex wp-container-core-columns-is-layout-28f84493 wp-block-columns-is-layout-flex\">\n<div class=\"wp-block-column is-layout-flow wp-block-column-is-layout-flow\" style=\"flex-basis:10%\"><\/div>\n\n\n\n<div class=\"wp-block-column is-layout-flow wp-block-column-is-layout-flow\">\n<div class=\"wp-block-buttons is-content-justification-center is-layout-flex wp-container-core-buttons-is-layout-a89b3969 wp-block-buttons-is-layout-flex\">\n<div class=\"wp-block-button is-style-outline has-btn-outline-secondary is-style-outline--1\"><a class=\"wp-block-button__link wp-element-button\" href=\"https:\/\/harrypotterexhibition.com\/hu\/press\/abu-dhabi-press-resources\/\">Abu DHabi PRESS Resources<\/a><\/div>\n<\/div>\n<\/div>\n\n\n\n<div class=\"wp-block-column is-layout-flow wp-block-column-is-layout-flow\" style=\"flex-basis:10%\"><\/div>\n<\/div>\n\n\n\n<section id=\"post-list-block_f423de23183a53b045ab84a2ca5d55ee\" class=\"block-post-list\" data-post-per-page=\"6\"data-post-type=\"post\"data-display-card-image=\"false\" data-category=\"abu-dhabi\">\n\t<div class=\"block-post-list__container\">\n\t\t\n\n<h2 class=\"wp-block-heading has-text-align-center\">Press Releases<\/h2>\n\n\n<form role=\"search\" method=\"get\" class=\"search-form\" action=\"https:\/\/harrypotterexhibition.com\/hu\/\" data-trp-original-action=\"https:\/\/harrypotterexhibition.com\/hu\/\">\n\t<label for=\"searchFormSearch\" class=\"screen-reader-text\">Search&#8230;<\/label>\n\t<input type=\"search\" class=\"form-control\" id=\"searchFormSearch\" placeholder=\"Search\" name=\"s\" value=\"\">\n\t\t<button type=\"submit\" class=\"btn btn-search btn-primary mb-3\">\n\t\t<span class=\"search\">\n\t\t\t<svg width=\"20\" height=\"20\" viewbox=\"0 0 20 20\" fill=\"none\" xmlns=\"http:\/\/www.w3.org\/2000\/svg\">\n<path d=\"M13.3556 2.28827C10.3046 -0.762756 5.3388 -0.762756 2.28777 2.28827C-0.762591 5.33995 -0.762591 10.3051 2.28777 13.3567C5.00479 16.0731 9.23641 16.3641 12.2855 14.243C12.3496 14.5466 12.4964 14.8363 12.7326 15.0724L17.1758 19.5157C17.8233 20.1619 18.8697 20.1619 19.5139 19.5157C20.1607 18.8688 20.1607 17.8225 19.5139 17.1776L15.0706 12.7331C14.8358 12.4989 14.5454 12.3514 14.2419 12.2873C16.3643 9.23757 16.0733 5.00661 13.3556 2.28827ZM11.9528 11.9539C9.67492 14.2318 5.96779 14.2318 3.6906 11.9539C1.41407 9.67607 1.41407 5.9696 3.6906 3.69175C5.96779 1.41456 9.67492 1.41456 11.9528 3.69175C14.2306 5.9696 14.2306 9.67607 11.9528 11.9539Z\" fill=\"#343232\"\/>\n<\/svg>\n\t\t<\/span>\n\t\t<span class=\"searching\">\n\t\t\t<svg width=\"135\" height=\"140\" viewbox=\"0 0 135 140\" xmlns=\"http:\/\/www.w3.org\/2000\/svg\" fill=\"#fff\">\n    <rect y=\"10\" width=\"15\" height=\"120\" rx=\"6\">\n        <animate attributename=\"height\"\n             begin=\"0.5s\" dur=\"1s\"\n             values=\"120;110;100;90;80;70;60;50;40;140;120\" calcmode=\"linear\"\n             repeatcount=\"indefinite\" \/>\n        <animate attributename=\"y\"\n             begin=\"0.5s\" dur=\"1s\"\n             values=\"10;15;20;25;30;35;40;45;50;0;10\" calcmode=\"linear\"\n             repeatcount=\"indefinite\" \/>\n    <\/rect>\n    <rect x=\"30\" y=\"10\" width=\"15\" height=\"120\" rx=\"6\">\n        <animate attributename=\"height\"\n             begin=\"0.25s\" dur=\"1s\"\n             values=\"120;110;100;90;80;70;60;50;40;140;120\" calcmode=\"linear\"\n             repeatcount=\"indefinite\" \/>\n        <animate attributename=\"y\"\n             begin=\"0.25s\" dur=\"1s\"\n             values=\"10;15;20;25;30;35;40;45;50;0;10\" calcmode=\"linear\"\n             repeatcount=\"indefinite\" \/>\n    <\/rect>\n    <rect x=\"60\" width=\"15\" height=\"140\" rx=\"6\">\n        <animate attributename=\"height\"\n             begin=\"0s\" dur=\"1s\"\n             values=\"120;110;100;90;80;70;60;50;40;140;120\" calcmode=\"linear\"\n             repeatcount=\"indefinite\" \/>\n        <animate attributename=\"y\"\n             begin=\"0s\" dur=\"1s\"\n             values=\"10;15;20;25;30;35;40;45;50;0;10\" calcmode=\"linear\"\n             repeatcount=\"indefinite\" \/>\n    <\/rect>\n    <rect x=\"90\" y=\"10\" width=\"15\" height=\"120\" rx=\"6\">\n        <animate attributename=\"height\"\n             begin=\"0.25s\" dur=\"1s\"\n             values=\"120;110;100;90;80;70;60;50;40;140;120\" calcmode=\"linear\"\n             repeatcount=\"indefinite\" \/>\n        <animate attributename=\"y\"\n             begin=\"0.25s\" dur=\"1s\"\n             values=\"10;15;20;25;30;35;40;45;50;0;10\" calcmode=\"linear\"\n             repeatcount=\"indefinite\" \/>\n    <\/rect>\n    <rect x=\"120\" y=\"10\" width=\"15\" height=\"120\" rx=\"6\">\n        <animate attributename=\"height\"\n             begin=\"0.5s\" dur=\"1s\"\n             values=\"120;110;100;90;80;70;60;50;40;140;120\" calcmode=\"linear\"\n             repeatcount=\"indefinite\" \/>\n        <animate attributename=\"y\"\n             begin=\"0.5s\" dur=\"1s\"\n             values=\"10;15;20;25;30;35;40;45;50;0;10\" calcmode=\"linear\"\n             repeatcount=\"indefinite\" \/>\n    <\/rect>\n<\/svg>\n\t\t<\/span>\n\t<\/button>\n<input type=\"hidden\" name=\"trp-form-language\" value=\"hu\"\/><\/form>\n\n\n<p><\/p>\n\n\n\n<div style=\"height:2em\" aria-hidden=\"true\" class=\"wp-block-spacer\"><\/div>\n\n\n\t\t\n<div class=\"block-post-list__post-container post\">\n    \n<div class=\"post-item__press\">\n        <h4 class=\"post-item__title\"><a href=\"https:\/\/harrypotterexhibition.com\/hu\/press\/last-chance-to-see-harry-potter-the-exhibitionin-abu-dhabi-closing-21-september\/\">LAST CHANCE TO SEE HARRY POTTER\u2122: THE EXHIBITIONIN ABU DHABI CLOSING 21 SEPTEMBER<\/a><\/h4>\n    <span class=\"post-item__date\">szeptember 11, 2025<\/span>\n    <a class=\"post-item__link\" href=\"https:\/\/harrypotterexhibition.com\/hu\/press\/last-chance-to-see-harry-potter-the-exhibitionin-abu-dhabi-closing-21-september\/\">Tov\u00e1bb olvasom<\/a>\n\n            <div class=\"dropdown\">\n                        <ul class=\"dropdown-menu\">\n                <li data-translatepress-code=\"en_US\" data-url-path=\"https:\/\/harrypotterexhibition.com\/wp-content\/uploads\/2025\/09\/AUH_LAST-CHANCE-RELEASE_FIN.pdf\"><img class=\"flag-img\" src=\"https:\/\/harrypotterexhibition.com\/wp-content\/uploads\/2024\/02\/en_US.png\" alt=\"en_US\" decoding=\"async\" loading=\"lazy\"\/><\/li>            <\/ul>\n        <\/div>\n    <\/div>\n<div class=\"post-item__press\">\n        <h4 class=\"post-item__title\"><a href=\"https:\/\/harrypotterexhibition.com\/hu\/press\/harry-potter-the-exhibition-%d9%8a%d9%81%d8%aa%d8%ad-%d8%a3%d8%a8%d9%88%d8%a7%d8%a8%d9%87-%d8%a3%d9%85%d8%a7%d9%85-%d8%a7%d9%84%d8%b6%d9%8a%d9%88%d9%81-%d9%81%d9%8a-%d8%ac%d8%b2%d9%8a%d8%b1\/\">Harry Potter\u2122: The Exhibition \u064a\u0641\u062a\u062d \u0623\u0628\u0648\u0627\u0628\u0647 \u0623\u0645\u0627\u0645 \u0627\u0644\u0636\u064a\u0648\u0641 \u0641\u064a \u062c\u0632\u064a\u0631\u0629 \u0627\u0644\u0633\u0639\u062f\u064a\u0627\u062a \u0641\u064a \u0623\u0628\u0648\u0638\u0628\u064a<\/a><\/h4>\n    <span class=\"post-item__date\">j\u00falius 31, 2025<\/span>\n    <a class=\"post-item__link\" href=\"https:\/\/harrypotterexhibition.com\/hu\/press\/harry-potter-the-exhibition-%d9%8a%d9%81%d8%aa%d8%ad-%d8%a3%d8%a8%d9%88%d8%a7%d8%a8%d9%87-%d8%a3%d9%85%d8%a7%d9%85-%d8%a7%d9%84%d8%b6%d9%8a%d9%88%d9%81-%d9%81%d9%8a-%d8%ac%d8%b2%d9%8a%d8%b1\/\">Tov\u00e1bb olvasom<\/a>\n\n    <\/div>\n<div class=\"post-item__press\">\n        <h4 class=\"post-item__title\"><a href=\"https:\/\/harrypotterexhibition.com\/hu\/press\/harry-potter-the-exhibition-is-now-open-at-manarat-al-saadiyat-in-abu-dhabi\/\">HARRY POTTER\u2122: THE EXHIBITION IS NOW OPEN AT MANARAT AL SAADIYAT IN ABU DHABI!<\/a><\/h4>\n    <span class=\"post-item__date\">j\u00falius 31, 2025<\/span>\n    <a class=\"post-item__link\" href=\"https:\/\/harrypotterexhibition.com\/hu\/press\/harry-potter-the-exhibition-is-now-open-at-manarat-al-saadiyat-in-abu-dhabi\/\">Tov\u00e1bb olvasom<\/a>\n\n    <\/div>\n<div class=\"post-item__press\">\n        <h4 class=\"post-item__title\"><a href=\"https:\/\/harrypotterexhibition.com\/hu\/press\/%d8%a7%d9%84%d9%85%d8%b9%d8%b1%d8%b6-%d8%a7%d9%84%d8%b9%d8%a7%d9%84%d9%85%d9%8a-harry-potter-the-exhibition-%d9%8a%d9%86%d8%b7%d9%84%d9%82%d9%81%d9%8a-%d9%85%d9%86%d8%a7%d8%b1%d8%a9-%d8%a7\/\">\u0627\u0644\u0645\u0639\u0631\u0636 \u0627\u0644\u0639\u0627\u0644\u0645\u064a HARRY POTTER\u2122: THE EXHIBITION \u064a\u0646\u0637\u0644\u0642\u0641\u064a \u0645\u0646\u0627\u0631\u0629 \u0627\u0644\u0633\u0639\u062f\u064a\u0627\u062a \u064a\u0648\u0645 25 \u064a\u0648\u0644\u064a\u0648 \u0648\u064a\u0642\u062f\u0645 \u062a\u062c\u0631\u0628\u0629 \u062a\u0641\u0627\u0639\u0644\u064a\u0629 \u0645\u0630\u0647\u0644\u0629 \u062a\u062d\u062a\u0641\u064a \u0628\u0639\u0627\u0644\u0645 \u0647\u0627\u0631\u064a \u0628\u0648\u062a\u0631<\/a><\/h4>\n    <span class=\"post-item__date\">j\u00fanius 26, 2025<\/span>\n    <a class=\"post-item__link\" href=\"https:\/\/harrypotterexhibition.com\/hu\/press\/%d8%a7%d9%84%d9%85%d8%b9%d8%b1%d8%b6-%d8%a7%d9%84%d8%b9%d8%a7%d9%84%d9%85%d9%8a-harry-potter-the-exhibition-%d9%8a%d9%86%d8%b7%d9%84%d9%82%d9%81%d9%8a-%d9%85%d9%86%d8%a7%d8%b1%d8%a9-%d8%a7\/\">Tov\u00e1bb olvasom<\/a>\n\n            <div class=\"dropdown\">\n                        <ul class=\"dropdown-menu\">\n                <li data-translatepress-code=\"\" data-url-path=\"https:\/\/harrypotterexhibition.com\/wp-content\/uploads\/2025\/06\/Abu-Dhabi_Tickets-on-Sale-Press-Release-Arabic-23.06.2025_FINAL.docx\"><img class=\"flag-img\" src=\"https:\/\/harrypotterexhibition.com\/wp-content\/plugins\/translatepress-multilingual\/assets\/images\/flags\/.png\" alt=\"\" decoding=\"async\" loading=\"lazy\"\/><\/li>            <\/ul>\n        <\/div>\n    <\/div>\n<div class=\"post-item__press\">\n        <h4 class=\"post-item__title\"><a href=\"https:\/\/harrypotterexhibition.com\/hu\/press\/harry-potter-the-exhibition-public-tickets-go-on-sale-today-at-12pm\/\">HARRY POTTER\u2122: THE EXHIBITION PUBLIC TICKETS GO ON SALE TODAY AT 12PM<\/a><\/h4>\n    <span class=\"post-item__date\">j\u00fanius 26, 2025<\/span>\n    <a class=\"post-item__link\" href=\"https:\/\/harrypotterexhibition.com\/hu\/press\/harry-potter-the-exhibition-public-tickets-go-on-sale-today-at-12pm\/\">Tov\u00e1bb olvasom<\/a>\n\n            <div class=\"dropdown\">\n                        <ul class=\"dropdown-menu\">\n                <li data-translatepress-code=\"en_US\" data-url-path=\"https:\/\/harrypotterexhibition.com\/wp-content\/uploads\/2025\/06\/Abu-Dhabi_Tickets-on-Sale-Press-Release-English-19.06.2025_FINAL.docx\"><img class=\"flag-img\" src=\"https:\/\/harrypotterexhibition.com\/wp-content\/uploads\/2024\/02\/en_US.png\" alt=\"en_US\" decoding=\"async\" loading=\"lazy\"\/><\/li>            <\/ul>\n        <\/div>\n    <\/div><\/div>\n\n    <div class=\"block-post-list__load-more-container\">\n        <div class=\"loading-container\">\n            <svg xmlns='http:\/\/www.w3.org\/2000\/svg' viewbox='0 0 200 200'><circle fill='none' stroke-opacity='1' stroke='#d3991a' stroke-width='.5' cx='100' cy='100' r='0'><animate attributename='r' calcmode='spline' dur='2' values='1;80' keytimes='0;1' keysplines='0 .2 .5 1' repeatcount='indefinite'><\/animate><animate attributename='stroke-width' calcmode='spline' dur='2' values='0;25' keytimes='0;1' keysplines='0 .2 .5 1' repeatcount='indefinite'><\/animate><animate attributename='stroke-opacity' calcmode='spline' dur='2' values='1;0' keytimes='0;1' keysplines='0 .2 .5 1' repeatcount='indefinite'><\/animate><\/circle><\/svg>        <\/div>\n        <button class=\"btn\">\n            <span>Tov\u00e1bbiak bet\u00f6lt\u00e9se<\/span>\n            <svg width=\"11\" height=\"8\" viewbox=\"0 0 11 8\" fill=\"none\" xmlns=\"http:\/\/www.w3.org\/2000\/svg\">\n<path id=\"Vector\" d=\"M6.04163 6.90246L10.8282 2.11583C10.939 2.00512 11 1.85734 11 1.69976C11 1.54217 10.939 1.39439 10.8282 1.28368L10.4758 0.931177C10.2461 0.701802 9.87289 0.701802 9.6436 0.931177L5.62415 4.95062L1.60025 0.926717C1.48945 0.816008 1.34175 0.754882 1.18426 0.754882C1.02659 0.754882 0.87889 0.816008 0.768006 0.926717L0.41568 1.27922C0.304884 1.39002 0.243845 1.53771 0.243845 1.6953C0.243845 1.85288 0.304884 2.00066 0.41568 2.11137L5.20659 6.90246C5.31774 7.01343 5.46613 7.07438 5.62389 7.07403C5.78226 7.07438 5.93057 7.01343 6.04163 6.90246Z\" fill=\"white\"\/>\n<\/svg>\n        <\/button>\n    <\/div>\n\t<\/div>\n<\/section>\n\n<\/div>","protected":false},"excerpt":{"rendered":"","protected":false},"author":1,"featured_media":0,"parent":8,"menu_order":0,"comment_status":"closed","ping_status":"closed","template":"","meta":{"_acf_changed":false,"_monsterinsights_skip_tracking":false,"_monsterinsights_sitenote_active":false,"_monsterinsights_sitenote_note":"","_monsterinsights_sitenote_category":0,"footnotes":""},"class_list":["post-6396","page","type-page","status-publish","hentry"],"acf":[],"yoast_head":"<!-- This site is optimized with the Yoast SEO plugin v27.3 - https:\/\/yoast.com\/product\/yoast-seo-wordpress\/ -->\n<title>Abu Dhabi Press | Harry Potter\u2122: The Exhibition<\/title>\n<meta name=\"robots\" content=\"index, follow, max-snippet:-1, max-image-preview:large, max-video-preview:-1\" \/>\n<link rel=\"canonical\" href=\"https:\/\/harrypotterexhibition.com\/hu\/press\/abu-dhabi-press\/\" \/>\n<meta property=\"og:locale\" content=\"hu_HU\" \/>\n<meta property=\"og:type\" content=\"article\" \/>\n<meta property=\"og:title\" content=\"Abu Dhabi Press | Harry Potter\u2122: The Exhibition\" \/>\n<meta property=\"og:url\" content=\"https:\/\/harrypotterexhibition.com\/hu\/press\/abu-dhabi-press\/\" \/>\n<meta property=\"og:site_name\" content=\"Harry Potter\u2122: The Exhibition\" \/>\n<meta property=\"article:modified_time\" content=\"2025-06-30T10:08:47+00:00\" \/>\n<meta property=\"og:image\" content=\"https:\/\/harrypotterexhibition.com\/wp-content\/uploads\/2023\/10\/TI16096_1.jpg\" \/>\n\t<meta property=\"og:image:width\" content=\"1440\" \/>\n\t<meta property=\"og:image:height\" content=\"434\" \/>\n\t<meta property=\"og:image:type\" content=\"image\/jpeg\" \/>\n<meta name=\"twitter:card\" content=\"summary_large_image\" \/>\n<script type=\"application\/ld+json\" class=\"yoast-schema-graph\">{\"@context\":\"https:\\\/\\\/schema.org\",\"@graph\":[{\"@type\":\"WebPage\",\"@id\":\"https:\\\/\\\/harrypotterexhibition.com\\\/press\\\/abu-dhabi-press\\\/\",\"url\":\"https:\\\/\\\/harrypotterexhibition.com\\\/press\\\/abu-dhabi-press\\\/\",\"name\":\"Abu Dhabi Press | Harry Potter\u2122: The Exhibition\",\"isPartOf\":{\"@id\":\"https:\\\/\\\/harrypotterexhibition.com\\\/zh\\\/#website\"},\"primaryImageOfPage\":{\"@id\":\"https:\\\/\\\/harrypotterexhibition.com\\\/press\\\/abu-dhabi-press\\\/#primaryimage\"},\"image\":{\"@id\":\"https:\\\/\\\/harrypotterexhibition.com\\\/press\\\/abu-dhabi-press\\\/#primaryimage\"},\"thumbnailUrl\":\"https:\\\/\\\/harrypotterexhibition.com\\\/wp-content\\\/uploads\\\/2023\\\/10\\\/TI16096_1.jpg\",\"datePublished\":\"2025-06-30T10:07:46+00:00\",\"dateModified\":\"2025-06-30T10:08:47+00:00\",\"breadcrumb\":{\"@id\":\"https:\\\/\\\/harrypotterexhibition.com\\\/press\\\/abu-dhabi-press\\\/#breadcrumb\"},\"inLanguage\":\"hu\",\"potentialAction\":[{\"@type\":\"ReadAction\",\"target\":[\"https:\\\/\\\/harrypotterexhibition.com\\\/press\\\/abu-dhabi-press\\\/\"]}]},{\"@type\":\"ImageObject\",\"inLanguage\":\"hu\",\"@id\":\"https:\\\/\\\/harrypotterexhibition.com\\\/press\\\/abu-dhabi-press\\\/#primaryimage\",\"url\":\"https:\\\/\\\/harrypotterexhibition.com\\\/wp-content\\\/uploads\\\/2023\\\/10\\\/TI16096_1.jpg\",\"contentUrl\":\"https:\\\/\\\/harrypotterexhibition.com\\\/wp-content\\\/uploads\\\/2023\\\/10\\\/TI16096_1.jpg\"},{\"@type\":\"BreadcrumbList\",\"@id\":\"https:\\\/\\\/harrypotterexhibition.com\\\/press\\\/abu-dhabi-press\\\/#breadcrumb\",\"itemListElement\":[{\"@type\":\"ListItem\",\"position\":1,\"name\":\"Home\",\"item\":\"https:\\\/\\\/harrypotterexhibition.com\\\/\"},{\"@type\":\"ListItem\",\"position\":2,\"name\":\"Press\",\"item\":\"https:\\\/\\\/harrypotterexhibition.com\\\/press\\\/\"},{\"@type\":\"ListItem\",\"position\":3,\"name\":\"Abu Dhabi Press\"}]},{\"@type\":\"WebSite\",\"@id\":\"https:\\\/\\\/harrypotterexhibition.com\\\/zh\\\/#website\",\"url\":\"https:\\\/\\\/harrypotterexhibition.com\\\/zh\\\/\",\"name\":\"Harry Potter\u2122: The Exhibition\",\"description\":\"\",\"publisher\":{\"@id\":\"https:\\\/\\\/harrypotterexhibition.com\\\/zh\\\/#organization\"},\"potentialAction\":[{\"@type\":\"SearchAction\",\"target\":{\"@type\":\"EntryPoint\",\"urlTemplate\":\"https:\\\/\\\/harrypotterexhibition.com\\\/zh\\\/?s={search_term_string}\"},\"query-input\":{\"@type\":\"PropertyValueSpecification\",\"valueRequired\":true,\"valueName\":\"search_term_string\"}}],\"inLanguage\":\"hu\"},{\"@type\":\"Organization\",\"@id\":\"https:\\\/\\\/harrypotterexhibition.com\\\/zh\\\/#organization\",\"name\":\"Harry Potter\u2122: The Exhibition\",\"url\":\"https:\\\/\\\/harrypotterexhibition.com\\\/zh\\\/\",\"logo\":{\"@type\":\"ImageObject\",\"inLanguage\":\"hu\",\"@id\":\"https:\\\/\\\/harrypotterexhibition.com\\\/zh\\\/#\\\/schema\\\/logo\\\/image\\\/\",\"url\":\"https:\\\/\\\/harrypotterexhibition.com\\\/wp-content\\\/uploads\\\/2023\\\/09\\\/HPX-Footer-Logo.png\",\"contentUrl\":\"https:\\\/\\\/harrypotterexhibition.com\\\/wp-content\\\/uploads\\\/2023\\\/09\\\/HPX-Footer-Logo.png\",\"width\":573,\"height\":501,\"caption\":\"Harry Potter\u2122: The Exhibition\"},\"image\":{\"@id\":\"https:\\\/\\\/harrypotterexhibition.com\\\/zh\\\/#\\\/schema\\\/logo\\\/image\\\/\"}}]}<\/script>\n<!-- \/ Yoast SEO plugin. -->","yoast_head_json":{"title":"Abu Dhabi Press | Harry Potter\u2122: The Exhibition","robots":{"index":"index","follow":"follow","max-snippet":"max-snippet:-1","max-image-preview":"max-image-preview:large","max-video-preview":"max-video-preview:-1"},"canonical":"https:\/\/harrypotterexhibition.com\/hu\/press\/abu-dhabi-press\/","og_locale":"hu_HU","og_type":"article","og_title":"Abu Dhabi Press | Harry Potter\u2122: The Exhibition","og_url":"https:\/\/harrypotterexhibition.com\/hu\/press\/abu-dhabi-press\/","og_site_name":"Harry Potter\u2122: The Exhibition","article_modified_time":"2025-06-30T10:08:47+00:00","og_image":[{"width":1440,"height":434,"url":"https:\/\/harrypotterexhibition.com\/wp-content\/uploads\/2023\/10\/TI16096_1.jpg","type":"image\/jpeg"}],"twitter_card":"summary_large_image","schema":{"@context":"https:\/\/schema.org","@graph":[{"@type":"WebPage","@id":"https:\/\/harrypotterexhibition.com\/press\/abu-dhabi-press\/","url":"https:\/\/harrypotterexhibition.com\/press\/abu-dhabi-press\/","name":"Abu Dhabi Press | Harry Potter\u2122: The Exhibition","isPartOf":{"@id":"https:\/\/harrypotterexhibition.com\/zh\/#website"},"primaryImageOfPage":{"@id":"https:\/\/harrypotterexhibition.com\/press\/abu-dhabi-press\/#primaryimage"},"image":{"@id":"https:\/\/harrypotterexhibition.com\/press\/abu-dhabi-press\/#primaryimage"},"thumbnailUrl":"https:\/\/harrypotterexhibition.com\/wp-content\/uploads\/2023\/10\/TI16096_1.jpg","datePublished":"2025-06-30T10:07:46+00:00","dateModified":"2025-06-30T10:08:47+00:00","breadcrumb":{"@id":"https:\/\/harrypotterexhibition.com\/press\/abu-dhabi-press\/#breadcrumb"},"inLanguage":"hu","potentialAction":[{"@type":"ReadAction","target":["https:\/\/harrypotterexhibition.com\/press\/abu-dhabi-press\/"]}]},{"@type":"ImageObject","inLanguage":"hu","@id":"https:\/\/harrypotterexhibition.com\/press\/abu-dhabi-press\/#primaryimage","url":"https:\/\/harrypotterexhibition.com\/wp-content\/uploads\/2023\/10\/TI16096_1.jpg","contentUrl":"https:\/\/harrypotterexhibition.com\/wp-content\/uploads\/2023\/10\/TI16096_1.jpg"},{"@type":"BreadcrumbList","@id":"https:\/\/harrypotterexhibition.com\/press\/abu-dhabi-press\/#breadcrumb","itemListElement":[{"@type":"ListItem","position":1,"name":"Home","item":"https:\/\/harrypotterexhibition.com\/"},{"@type":"ListItem","position":2,"name":"Press","item":"https:\/\/harrypotterexhibition.com\/press\/"},{"@type":"ListItem","position":3,"name":"Abu Dhabi Press"}]},{"@type":"WebSite","@id":"https:\/\/harrypotterexhibition.com\/zh\/#website","url":"https:\/\/harrypotterexhibition.com\/zh\/","name":"A <strong><mark class=\"has-inline-color has-secondary-color\">Harry Potter\u2122: A ki\u00e1ll\u00edt\u00e1s<\/mark><\/strong>","description":"","publisher":{"@id":"https:\/\/harrypotterexhibition.com\/zh\/#organization"},"potentialAction":[{"@type":"SearchAction","target":{"@type":"EntryPoint","urlTemplate":"https:\/\/harrypotterexhibition.com\/zh\/?s={search_term_string}"},"query-input":{"@type":"PropertyValueSpecification","valueRequired":true,"valueName":"search_term_string"}}],"inLanguage":"hu"},{"@type":"Organization","@id":"https:\/\/harrypotterexhibition.com\/zh\/#organization","name":"A <strong><mark class=\"has-inline-color has-secondary-color\">Harry Potter\u2122: A ki\u00e1ll\u00edt\u00e1s<\/mark><\/strong>","url":"https:\/\/harrypotterexhibition.com\/zh\/","logo":{"@type":"ImageObject","inLanguage":"hu","@id":"https:\/\/harrypotterexhibition.com\/zh\/#\/schema\/logo\/image\/","url":"https:\/\/harrypotterexhibition.com\/wp-content\/uploads\/2023\/09\/HPX-Footer-Logo.png","contentUrl":"https:\/\/harrypotterexhibition.com\/wp-content\/uploads\/2023\/09\/HPX-Footer-Logo.png","width":573,"height":501,"caption":"Harry Potter\u2122: The Exhibition"},"image":{"@id":"https:\/\/harrypotterexhibition.com\/zh\/#\/schema\/logo\/image\/"}}]}},"_links":{"self":[{"href":"https:\/\/harrypotterexhibition.com\/hu\/wp-json\/wp\/v2\/pages\/6396","targetHints":{"allow":["GET"]}}],"collection":[{"href":"https:\/\/harrypotterexhibition.com\/hu\/wp-json\/wp\/v2\/pages"}],"about":[{"href":"https:\/\/harrypotterexhibition.com\/hu\/wp-json\/wp\/v2\/types\/page"}],"author":[{"embeddable":true,"href":"https:\/\/harrypotterexhibition.com\/hu\/wp-json\/wp\/v2\/users\/1"}],"replies":[{"embeddable":true,"href":"https:\/\/harrypotterexhibition.com\/hu\/wp-json\/wp\/v2\/comments?post=6396"}],"version-history":[{"count":2,"href":"https:\/\/harrypotterexhibition.com\/hu\/wp-json\/wp\/v2\/pages\/6396\/revisions"}],"predecessor-version":[{"id":6398,"href":"https:\/\/harrypotterexhibition.com\/hu\/wp-json\/wp\/v2\/pages\/6396\/revisions\/6398"}],"up":[{"embeddable":true,"href":"https:\/\/harrypotterexhibition.com\/hu\/wp-json\/wp\/v2\/pages\/8"}],"wp:attachment":[{"href":"https:\/\/harrypotterexhibition.com\/hu\/wp-json\/wp\/v2\/media?parent=6396"}],"curies":[{"name":"wp","href":"https:\/\/api.w.org\/{rel}","templated":true}]}}