{"id":6401,"date":"2025-07-03T13:08:51","date_gmt":"2025-07-03T17:08:51","guid":{"rendered":"https:\/\/harrypotterexhibition.com\/?page_id=6401"},"modified":"2025-12-23T15:59:09","modified_gmt":"2025-12-23T20:59:09","slug":"butterbeer","status":"publish","type":"page","link":"https:\/\/harrypotterexhibition.com\/hu\/butterbeer\/","title":{"rendered":"Vajas s\u00f6r"},"content":{"rendered":"<div class=\"wp-block-cover alignfull is-style-page-header\"><img loading=\"lazy\" decoding=\"async\" width=\"1024\" height=\"308\" class=\"wp-block-cover__image-background wp-image-6437 size-large\" alt=\"\" src=\"https:\/\/harrypotterexhibition.com\/wp-content\/uploads\/2025\/07\/hero-butterbeer-1024x308.png\" data-object-fit=\"cover\" srcset=\"https:\/\/harrypotterexhibition.com\/wp-content\/uploads\/2025\/07\/hero-butterbeer-1024x308.png 1024w, https:\/\/harrypotterexhibition.com\/wp-content\/uploads\/2025\/07\/hero-butterbeer-300x90.png 300w, https:\/\/harrypotterexhibition.com\/wp-content\/uploads\/2025\/07\/hero-butterbeer-768x231.png 768w, https:\/\/harrypotterexhibition.com\/wp-content\/uploads\/2025\/07\/hero-butterbeer-1536x462.png 1536w, https:\/\/harrypotterexhibition.com\/wp-content\/uploads\/2025\/07\/hero-butterbeer-2048x616.png 2048w, https:\/\/harrypotterexhibition.com\/wp-content\/uploads\/2025\/07\/hero-butterbeer-18x5.png 18w, https:\/\/harrypotterexhibition.com\/wp-content\/uploads\/2025\/07\/hero-butterbeer-1920x577.png 1920w, https:\/\/harrypotterexhibition.com\/wp-content\/uploads\/2025\/07\/hero-butterbeer-600x180.png 600w\" sizes=\"auto, (max-width: 1024px) 100vw, 1024px\" \/><span aria-hidden=\"true\" class=\"wp-block-cover__background has-black-background-color has-background-dim-20 has-background-dim\"><\/span><div class=\"wp-block-cover__inner-container is-layout-constrained wp-block-cover-is-layout-constrained\">\n<h1 class=\"wp-block-heading has-text-align-center is-style-page-title has-white-color has-text-color\"><strong><strong>Treat Yourself to a Butterbeer\u2122<\/strong><\/strong><\/h1>\n<\/div><\/div>\n\n\n\n<div class=\"wp-block-group alignfull is-layout-constrained wp-container-core-group-is-layout-b4f36c6b wp-block-group-is-layout-constrained\">\n<div class=\"wp-block-columns is-layout-flex wp-container-core-columns-is-layout-28f84493 wp-block-columns-is-layout-flex\">\n<div class=\"wp-block-column is-layout-flow wp-block-column-is-layout-flow\">\n<p class=\"has-text-align-center\" style=\"padding-top:var(--wp--preset--spacing--80);padding-bottom:var(--wp--preset--spacing--80)\">Complete your visit to Harry Potter\u2122: The Exhibition with a refreshing Butterbeer! Available on draft at select locations, Butterbeer is the perfect way to enhance your experience before or after your journey through the exhibition.<\/p>\n<\/div>\n<\/div>\n<\/div>\n\n\n\n<div class=\"wp-block-group alignfull is-layout-constrained wp-container-core-group-is-layout-dea48441 wp-block-group-is-layout-constrained\" style=\"padding-right:0;padding-left:0\">\n<div class=\"wp-block-columns is-layout-flex wp-container-core-columns-is-layout-28f84493 wp-block-columns-is-layout-flex\">\n<div class=\"wp-block-column is-layout-flow wp-block-column-is-layout-flow\">\n<figure class=\"wp-block-image size-full\"><img loading=\"lazy\" decoding=\"async\" width=\"575\" height=\"575\" src=\"https:\/\/harrypotterexhibition.com\/wp-content\/uploads\/2025\/07\/image-1.jpg\" alt=\"\" class=\"wp-image-6408\" srcset=\"https:\/\/harrypotterexhibition.com\/wp-content\/uploads\/2025\/07\/image-1.jpg 575w, https:\/\/harrypotterexhibition.com\/wp-content\/uploads\/2025\/07\/image-1-300x300.jpg 300w, https:\/\/harrypotterexhibition.com\/wp-content\/uploads\/2025\/07\/image-1-150x150.jpg 150w, https:\/\/harrypotterexhibition.com\/wp-content\/uploads\/2025\/07\/image-1-12x12.jpg 12w\" sizes=\"auto, (max-width: 575px) 100vw, 575px\" \/><\/figure>\n<\/div>\n\n\n\n<div class=\"wp-block-column is-layout-flow wp-block-column-is-layout-flow\">\n<figure class=\"wp-block-image size-full\"><img loading=\"lazy\" decoding=\"async\" width=\"576\" height=\"575\" src=\"https:\/\/harrypotterexhibition.com\/wp-content\/uploads\/2025\/07\/image-2.png\" alt=\"\" class=\"wp-image-6434\" srcset=\"https:\/\/harrypotterexhibition.com\/wp-content\/uploads\/2025\/07\/image-2.png 576w, https:\/\/harrypotterexhibition.com\/wp-content\/uploads\/2025\/07\/image-2-300x300.png 300w, https:\/\/harrypotterexhibition.com\/wp-content\/uploads\/2025\/07\/image-2-150x150.png 150w, https:\/\/harrypotterexhibition.com\/wp-content\/uploads\/2025\/07\/image-2-12x12.png 12w\" sizes=\"auto, (max-width: 576px) 100vw, 576px\" \/><\/figure>\n<\/div>\n\n\n\n<div class=\"wp-block-column is-layout-flow wp-block-column-is-layout-flow\">\n<figure class=\"wp-block-image size-full\"><img loading=\"lazy\" decoding=\"async\" width=\"580\" height=\"575\" src=\"https:\/\/harrypotterexhibition.com\/wp-content\/uploads\/2025\/07\/image-3.png\" alt=\"\" class=\"wp-image-6435\" srcset=\"https:\/\/harrypotterexhibition.com\/wp-content\/uploads\/2025\/07\/image-3.png 580w, https:\/\/harrypotterexhibition.com\/wp-content\/uploads\/2025\/07\/image-3-300x297.png 300w, https:\/\/harrypotterexhibition.com\/wp-content\/uploads\/2025\/07\/image-3-150x150.png 150w, https:\/\/harrypotterexhibition.com\/wp-content\/uploads\/2025\/07\/image-3-12x12.png 12w\" sizes=\"auto, (max-width: 580px) 100vw, 580px\" \/><\/figure>\n<\/div>\n<\/div>\n<\/div>\n\n\n\n<div class=\"wp-block-group alignfull is-layout-constrained wp-container-core-group-is-layout-040d76d2 wp-block-group-is-layout-constrained\" style=\"margin-top:var(--wp--preset--spacing--70);margin-bottom:var(--wp--preset--spacing--70)\">\n<div class=\"wp-block-columns is-layout-flex wp-container-core-columns-is-layout-28f84493 wp-block-columns-is-layout-flex\">\n<div class=\"wp-block-column is-layout-flow wp-block-column-is-layout-flow\">\n<p class=\"has-text-align-center\">Curious what&#8217;s in it? Butterbeer is a non-alcoholic soft drink that fans of all ages can enjoy. Plus, draft Butterbeer is suitable for those with gluten, wheat, and nut allergies\u2014and it&#8217;s vegan-friendly too! Butterbeer is not available in all locations, so be sure to check your location below to learn if it&#8217;s an option in your city!<\/p>\n<\/div>\n<\/div>\n<\/div>\n\n\n\n<div class=\"wp-block-group is-layout-constrained wp-block-group-is-layout-constrained\" style=\"margin-top:var(--wp--preset--spacing--70)\">\n<section id=\"map-block_6dc9b0cf23cfdd02a37808faca6d4290\" class=\"block-map is-style-card-only wp-elements-2dc6cf75ddff7ee66b692ed898cb0a2b\">\n\t\n\t\t<div class=\"block-map__locations-container\">\n\t\t\t\t\t\t\t<div class=\"block-map__location is-open\"  data-id=\"6497\" data-link=\"https:\/\/harrypotterexhibition.com\/hu\/locations\/dallas\/\" data-status=\"open\" data-geolocation=\"-96.8078617,32.9531392\">\n\t\t\t\t\t<div class=\"block-map__location_status\">\n\t\t\t\t\t\tMOST NYITVA\t\t\t\t\t<\/div>\n\t\t\t\t\t<h4 class=\"block-map__location_title\"> Dallas<\/h4>\n\t\t\t\t\t<div class=\"block-map__location_content\">\n\t\t\t\t\t\t<a href=\"https:\/\/harrypotterexhibition.com\/hu\/locations\/dallas\/\" class=\"location-link\">Tov\u00e1bbi inform\u00e1ci\u00f3<\/a>\n\t\t\t\t\t<\/div>\n\n\t\t\t\t\t<a href=\"https:\/\/feverup.com\/m\/410685?utm_source=landing&#038;utm_medium=partner&#038;utm_term=42328\" class=\"btn btn-primary\" target=\"_blank\">JEGYV\u00c1S\u00c1RL\u00c1S<\/a>\t\t\t\t<\/div>\n\t\t\t\t\t\t\t<div class=\"block-map__location is-open\"  data-id=\"6787\" data-link=\"https:\/\/harrypotterexhibition.com\/hu\/locations\/budapest\/\" data-status=\"open\" data-geolocation=\"19.066037,47.636977\">\n\t\t\t\t\t<div class=\"block-map__location_status\">\n\t\t\t\t\t\tMOST NYITVA\t\t\t\t\t<\/div>\n\t\t\t\t\t<h4 class=\"block-map__location_title\"> Hungary<\/h4>\n\t\t\t\t\t<div class=\"block-map__location_content\">\n\t\t\t\t\t\t<a href=\"https:\/\/harrypotterexhibition.com\/hu\/locations\/budapest\/\" class=\"location-link\">Tov\u00e1bbi inform\u00e1ci\u00f3<\/a>\n\t\t\t\t\t<\/div>\n\n\t\t\t\t\t<a href=\"https:\/\/www.cts.eventim.hu\/campaign\/harry-potter-kiallitas-szentendre-hpz\" class=\"btn btn-primary\" target=\"\">JEGYV\u00c1S\u00c1RL\u00c1S<\/a>\t\t\t\t<\/div>\n\t\t\t\t\t\t\t<div class=\"block-map__location is-open\"  data-id=\"6826\" data-link=\"https:\/\/harrypotterexhibition.com\/hu\/locations\/dresden\/\" data-status=\"open\" data-geolocation=\"13.734810,51.058595\">\n\t\t\t\t\t<div class=\"block-map__location_status\">\n\t\t\t\t\t\tMOST NYITVA\t\t\t\t\t<\/div>\n\t\t\t\t\t<h4 class=\"block-map__location_title\"> Dresden<\/h4>\n\t\t\t\t\t<div class=\"block-map__location_content\">\n\t\t\t\t\t\t<a href=\"https:\/\/harrypotterexhibition.com\/hu\/locations\/dresden\/\" class=\"location-link\">Tov\u00e1bbi inform\u00e1ci\u00f3<\/a>\n\t\t\t\t\t<\/div>\n\n\t\t\t\t\t<a href=\"https:\/\/www.eventim.de\/artist\/harry-potter-die-ausstellung\/?utm_source=harrypotterexhibition.com&#038;utm_medium=website&#038;utm_campaign=Dresden-NavWebsite\" class=\"btn btn-primary\" target=\"_blank\">JEGYV\u00c1S\u00c1RL\u00c1S<\/a>\t\t\t\t<\/div>\n\t\t\t\t\t\t\t<div class=\"block-map__location is-tickets-on-sale\"  data-id=\"7103\" data-link=\"https:\/\/harrypotterexhibition.com\/hu\/locations\/sydney\/\" data-status=\"tickets on sale\" data-geolocation=\"151.0641415,-33.8436346\">\n\t\t\t\t\t<div class=\"block-map__location_status\">\n\t\t\t\t\t\tOn Sale!\t\t\t\t\t<\/div>\n\t\t\t\t\t<h4 class=\"block-map__location_title\"> Sydney<\/h4>\n\t\t\t\t\t<div class=\"block-map__location_content\">\n\t\t\t\t\t\t<a href=\"https:\/\/harrypotterexhibition.com\/hu\/locations\/sydney\/\" class=\"location-link\">Tov\u00e1bbi inform\u00e1ci\u00f3<\/a>\n\t\t\t\t\t<\/div>\n\n\t\t\t\t\t<a href=\"https:\/\/feverup.com\/m\/594690\/?utm_source=harrypotterexhibition.com&#038;utm_medium=website&#038;utm_campaign=Sydney-NavWebsite\" class=\"btn btn-primary\" target=\"\">JEGYV\u00c1S\u00c1RL\u00c1S<\/a>\t\t\t\t<\/div>\n\t\t\t\t\t<\/div>\n\t\t<div class=\"block-map__container is-loading\"><\/div>\n\t\t\t\n\t<\/section>\n\n\n<\/div>\n\n\n\n<div style=\"height:100px\" aria-hidden=\"true\" class=\"wp-block-spacer\"><\/div>","protected":false},"excerpt":{"rendered":"<p>Complete your visit to Harry Potter\u2122: The Exhibition with a refreshing Butterbeer! Available on draft at select locations, Butterbeer is the perfect way to enhance your experience before or after [&hellip;]<\/p>\n","protected":false},"author":1,"featured_media":0,"parent":0,"menu_order":0,"comment_status":"closed","ping_status":"closed","template":"","meta":{"_acf_changed":false,"_monsterinsights_skip_tracking":false,"_monsterinsights_sitenote_active":false,"_monsterinsights_sitenote_note":"","_monsterinsights_sitenote_category":0,"footnotes":""},"class_list":["post-6401","page","type-page","status-publish","hentry"],"acf":[],"yoast_head":"<!-- This site is optimized with the Yoast SEO plugin v27.4 - https:\/\/yoast.com\/product\/yoast-seo-wordpress\/ -->\n<title>Butterbeer | Harry Potter\u2122: The Exhibition<\/title>\n<meta name=\"robots\" content=\"index, follow, max-snippet:-1, max-image-preview:large, max-video-preview:-1\" \/>\n<link rel=\"canonical\" href=\"https:\/\/harrypotterexhibition.com\/hu\/butterbeer\/\" \/>\n<meta property=\"og:locale\" content=\"hu_HU\" \/>\n<meta property=\"og:type\" content=\"article\" \/>\n<meta property=\"og:title\" content=\"Butterbeer | Harry Potter\u2122: The Exhibition\" \/>\n<meta property=\"og:description\" content=\"Complete your visit to Harry Potter\u2122: The Exhibition with a refreshing Butterbeer! Available on draft at select locations, Butterbeer is the perfect way to enhance your experience before or after [&hellip;]\" \/>\n<meta property=\"og:url\" content=\"https:\/\/harrypotterexhibition.com\/hu\/butterbeer\/\" \/>\n<meta property=\"og:site_name\" content=\"Harry Potter\u2122: The Exhibition\" \/>\n<meta property=\"article:modified_time\" content=\"2025-12-23T20:59:09+00:00\" \/>\n<meta property=\"og:image\" content=\"https:\/\/harrypotterexhibition.com\/wp-content\/uploads\/2025\/07\/hero-butterbeer-1024x308.png\" \/>\n\t<meta property=\"og:image:width\" content=\"1024\" \/>\n\t<meta property=\"og:image:height\" content=\"308\" \/>\n\t<meta property=\"og:image:type\" content=\"image\/png\" \/>\n<meta name=\"twitter:card\" content=\"summary_large_image\" \/>\n<script type=\"application\/ld+json\" class=\"yoast-schema-graph\">{\"@context\":\"https:\\\/\\\/schema.org\",\"@graph\":[{\"@type\":\"WebPage\",\"@id\":\"https:\\\/\\\/harrypotterexhibition.com\\\/butterbeer\\\/\",\"url\":\"https:\\\/\\\/harrypotterexhibition.com\\\/butterbeer\\\/\",\"name\":\"Butterbeer | Harry Potter\u2122: The Exhibition\",\"isPartOf\":{\"@id\":\"https:\\\/\\\/harrypotterexhibition.com\\\/zh\\\/#website\"},\"primaryImageOfPage\":{\"@id\":\"https:\\\/\\\/harrypotterexhibition.com\\\/butterbeer\\\/#primaryimage\"},\"image\":{\"@id\":\"https:\\\/\\\/harrypotterexhibition.com\\\/butterbeer\\\/#primaryimage\"},\"thumbnailUrl\":\"https:\\\/\\\/harrypotterexhibition.com\\\/wp-content\\\/uploads\\\/2025\\\/07\\\/hero-butterbeer-1024x308.png\",\"datePublished\":\"2025-07-03T17:08:51+00:00\",\"dateModified\":\"2025-12-23T20:59:09+00:00\",\"breadcrumb\":{\"@id\":\"https:\\\/\\\/harrypotterexhibition.com\\\/butterbeer\\\/#breadcrumb\"},\"inLanguage\":\"hu\",\"potentialAction\":[{\"@type\":\"ReadAction\",\"target\":[\"https:\\\/\\\/harrypotterexhibition.com\\\/butterbeer\\\/\"]}]},{\"@type\":\"ImageObject\",\"inLanguage\":\"hu\",\"@id\":\"https:\\\/\\\/harrypotterexhibition.com\\\/butterbeer\\\/#primaryimage\",\"url\":\"https:\\\/\\\/harrypotterexhibition.com\\\/wp-content\\\/uploads\\\/2025\\\/07\\\/hero-butterbeer-1024x308.png\",\"contentUrl\":\"https:\\\/\\\/harrypotterexhibition.com\\\/wp-content\\\/uploads\\\/2025\\\/07\\\/hero-butterbeer-1024x308.png\"},{\"@type\":\"BreadcrumbList\",\"@id\":\"https:\\\/\\\/harrypotterexhibition.com\\\/butterbeer\\\/#breadcrumb\",\"itemListElement\":[{\"@type\":\"ListItem\",\"position\":1,\"name\":\"Home\",\"item\":\"https:\\\/\\\/harrypotterexhibition.com\\\/\"},{\"@type\":\"ListItem\",\"position\":2,\"name\":\"Butterbeer\"}]},{\"@type\":\"WebSite\",\"@id\":\"https:\\\/\\\/harrypotterexhibition.com\\\/zh\\\/#website\",\"url\":\"https:\\\/\\\/harrypotterexhibition.com\\\/zh\\\/\",\"name\":\"Harry Potter\u2122: The Exhibition\",\"description\":\"\",\"publisher\":{\"@id\":\"https:\\\/\\\/harrypotterexhibition.com\\\/zh\\\/#organization\"},\"potentialAction\":[{\"@type\":\"SearchAction\",\"target\":{\"@type\":\"EntryPoint\",\"urlTemplate\":\"https:\\\/\\\/harrypotterexhibition.com\\\/zh\\\/?s={search_term_string}\"},\"query-input\":{\"@type\":\"PropertyValueSpecification\",\"valueRequired\":true,\"valueName\":\"search_term_string\"}}],\"inLanguage\":\"hu\"},{\"@type\":\"Organization\",\"@id\":\"https:\\\/\\\/harrypotterexhibition.com\\\/zh\\\/#organization\",\"name\":\"Harry Potter\u2122: The Exhibition\",\"url\":\"https:\\\/\\\/harrypotterexhibition.com\\\/zh\\\/\",\"logo\":{\"@type\":\"ImageObject\",\"inLanguage\":\"hu\",\"@id\":\"https:\\\/\\\/harrypotterexhibition.com\\\/zh\\\/#\\\/schema\\\/logo\\\/image\\\/\",\"url\":\"https:\\\/\\\/harrypotterexhibition.com\\\/wp-content\\\/uploads\\\/2023\\\/09\\\/HPX-Footer-Logo.png\",\"contentUrl\":\"https:\\\/\\\/harrypotterexhibition.com\\\/wp-content\\\/uploads\\\/2023\\\/09\\\/HPX-Footer-Logo.png\",\"width\":573,\"height\":501,\"caption\":\"Harry Potter\u2122: The Exhibition\"},\"image\":{\"@id\":\"https:\\\/\\\/harrypotterexhibition.com\\\/zh\\\/#\\\/schema\\\/logo\\\/image\\\/\"}}]}<\/script>\n<!-- \/ Yoast SEO plugin. -->","yoast_head_json":{"title":"Butterbeer | Harry Potter\u2122: The Exhibition","robots":{"index":"index","follow":"follow","max-snippet":"max-snippet:-1","max-image-preview":"max-image-preview:large","max-video-preview":"max-video-preview:-1"},"canonical":"https:\/\/harrypotterexhibition.com\/hu\/butterbeer\/","og_locale":"hu_HU","og_type":"article","og_title":"Butterbeer | Harry Potter\u2122: The Exhibition","og_description":"Complete your visit to Harry Potter\u2122: The Exhibition with a refreshing Butterbeer! Available on draft at select locations, Butterbeer is the perfect way to enhance your experience before or after [&hellip;]","og_url":"https:\/\/harrypotterexhibition.com\/hu\/butterbeer\/","og_site_name":"Harry Potter\u2122: The Exhibition","article_modified_time":"2025-12-23T20:59:09+00:00","og_image":[{"width":1024,"height":308,"url":"https:\/\/harrypotterexhibition.com\/wp-content\/uploads\/2025\/07\/hero-butterbeer-1024x308.png","type":"image\/png"}],"twitter_card":"summary_large_image","schema":{"@context":"https:\/\/schema.org","@graph":[{"@type":"WebPage","@id":"https:\/\/harrypotterexhibition.com\/butterbeer\/","url":"https:\/\/harrypotterexhibition.com\/butterbeer\/","name":"Butterbeer | Harry Potter\u2122: The Exhibition","isPartOf":{"@id":"https:\/\/harrypotterexhibition.com\/zh\/#website"},"primaryImageOfPage":{"@id":"https:\/\/harrypotterexhibition.com\/butterbeer\/#primaryimage"},"image":{"@id":"https:\/\/harrypotterexhibition.com\/butterbeer\/#primaryimage"},"thumbnailUrl":"https:\/\/harrypotterexhibition.com\/wp-content\/uploads\/2025\/07\/hero-butterbeer-1024x308.png","datePublished":"2025-07-03T17:08:51+00:00","dateModified":"2025-12-23T20:59:09+00:00","breadcrumb":{"@id":"https:\/\/harrypotterexhibition.com\/butterbeer\/#breadcrumb"},"inLanguage":"hu","potentialAction":[{"@type":"ReadAction","target":["https:\/\/harrypotterexhibition.com\/butterbeer\/"]}]},{"@type":"ImageObject","inLanguage":"hu","@id":"https:\/\/harrypotterexhibition.com\/butterbeer\/#primaryimage","url":"https:\/\/harrypotterexhibition.com\/wp-content\/uploads\/2025\/07\/hero-butterbeer-1024x308.png","contentUrl":"https:\/\/harrypotterexhibition.com\/wp-content\/uploads\/2025\/07\/hero-butterbeer-1024x308.png"},{"@type":"BreadcrumbList","@id":"https:\/\/harrypotterexhibition.com\/butterbeer\/#breadcrumb","itemListElement":[{"@type":"ListItem","position":1,"name":"Home","item":"https:\/\/harrypotterexhibition.com\/"},{"@type":"ListItem","position":2,"name":"Butterbeer"}]},{"@type":"WebSite","@id":"https:\/\/harrypotterexhibition.com\/zh\/#website","url":"https:\/\/harrypotterexhibition.com\/zh\/","name":"A <strong><mark class=\"has-inline-color has-secondary-color\">Harry Potter\u2122: A ki\u00e1ll\u00edt\u00e1s<\/mark><\/strong>","description":"","publisher":{"@id":"https:\/\/harrypotterexhibition.com\/zh\/#organization"},"potentialAction":[{"@type":"SearchAction","target":{"@type":"EntryPoint","urlTemplate":"https:\/\/harrypotterexhibition.com\/zh\/?s={search_term_string}"},"query-input":{"@type":"PropertyValueSpecification","valueRequired":true,"valueName":"search_term_string"}}],"inLanguage":"hu"},{"@type":"Organization","@id":"https:\/\/harrypotterexhibition.com\/zh\/#organization","name":"A <strong><mark class=\"has-inline-color has-secondary-color\">Harry Potter\u2122: A ki\u00e1ll\u00edt\u00e1s<\/mark><\/strong>","url":"https:\/\/harrypotterexhibition.com\/zh\/","logo":{"@type":"ImageObject","inLanguage":"hu","@id":"https:\/\/harrypotterexhibition.com\/zh\/#\/schema\/logo\/image\/","url":"https:\/\/harrypotterexhibition.com\/wp-content\/uploads\/2023\/09\/HPX-Footer-Logo.png","contentUrl":"https:\/\/harrypotterexhibition.com\/wp-content\/uploads\/2023\/09\/HPX-Footer-Logo.png","width":573,"height":501,"caption":"Harry Potter\u2122: The Exhibition"},"image":{"@id":"https:\/\/harrypotterexhibition.com\/zh\/#\/schema\/logo\/image\/"}}]}},"_links":{"self":[{"href":"https:\/\/harrypotterexhibition.com\/hu\/wp-json\/wp\/v2\/pages\/6401","targetHints":{"allow":["GET"]}}],"collection":[{"href":"https:\/\/harrypotterexhibition.com\/hu\/wp-json\/wp\/v2\/pages"}],"about":[{"href":"https:\/\/harrypotterexhibition.com\/hu\/wp-json\/wp\/v2\/types\/page"}],"author":[{"embeddable":true,"href":"https:\/\/harrypotterexhibition.com\/hu\/wp-json\/wp\/v2\/users\/1"}],"replies":[{"embeddable":true,"href":"https:\/\/harrypotterexhibition.com\/hu\/wp-json\/wp\/v2\/comments?post=6401"}],"version-history":[{"count":38,"href":"https:\/\/harrypotterexhibition.com\/hu\/wp-json\/wp\/v2\/pages\/6401\/revisions"}],"predecessor-version":[{"id":6934,"href":"https:\/\/harrypotterexhibition.com\/hu\/wp-json\/wp\/v2\/pages\/6401\/revisions\/6934"}],"wp:attachment":[{"href":"https:\/\/harrypotterexhibition.com\/hu\/wp-json\/wp\/v2\/media?parent=6401"}],"curies":[{"name":"wp","href":"https:\/\/api.w.org\/{rel}","templated":true}]}}