{"id":7,"date":"2020-06-18T03:44:43","date_gmt":"2020-06-18T03:44:43","guid":{"rendered":"http:\/\/fad.local\/fadboilerplate\/contact\/"},"modified":"2025-08-14T08:03:22","modified_gmt":"2025-08-14T12:03:22","slug":"contact","status":"publish","type":"page","link":"https:\/\/harrypotterexhibition.com\/hu\/contact\/","title":{"rendered":"Kapcsolat"},"content":{"rendered":"<div class=\"wp-block-cover alignfull is-style-page-header\"><img loading=\"lazy\" decoding=\"async\" width=\"1440\" height=\"433\" class=\"wp-block-cover__image-background wp-image-1889\" alt=\"\" src=\"https:\/\/harrypotterexhibition.com\/wp-content\/uploads\/2023\/11\/Contact-Us_Hero.jpg\" data-object-fit=\"cover\" srcset=\"https:\/\/harrypotterexhibition.com\/wp-content\/uploads\/2023\/11\/Contact-Us_Hero.jpg 1440w, https:\/\/harrypotterexhibition.com\/wp-content\/uploads\/2023\/11\/Contact-Us_Hero-300x90.jpg 300w, https:\/\/harrypotterexhibition.com\/wp-content\/uploads\/2023\/11\/Contact-Us_Hero-1024x308.jpg 1024w, https:\/\/harrypotterexhibition.com\/wp-content\/uploads\/2023\/11\/Contact-Us_Hero-768x231.jpg 768w, https:\/\/harrypotterexhibition.com\/wp-content\/uploads\/2023\/11\/Contact-Us_Hero-18x5.jpg 18w, https:\/\/harrypotterexhibition.com\/wp-content\/uploads\/2023\/11\/Contact-Us_Hero-820x247.jpg 820w\" sizes=\"auto, (max-width: 1440px) 100vw, 1440px\" \/><span aria-hidden=\"true\" class=\"wp-block-cover__background has-background-dim-30 has-background-dim\"><\/span><div class=\"wp-block-cover__inner-container is-layout-constrained wp-block-cover-is-layout-constrained\">\n<h1 class=\"wp-block-heading has-text-align-center is-style-page-title\">L\u00e9pjen kapcsolatba vel\u00fcnk<\/h1>\n<\/div><\/div>\n\n\n\n<div class=\"wp-block-group alignfull is-layout-constrained wp-block-group-is-layout-constrained\">\n<div style=\"height:10px\" aria-hidden=\"true\" class=\"wp-block-spacer is-style-remove-mobile\"><\/div>\n\n\n\n<div class=\"wp-block-columns is-layout-flex wp-container-core-columns-is-layout-28f84493 wp-block-columns-is-layout-flex\">\n<div class=\"wp-block-column is-style-remove-mobile is-layout-flow wp-block-column-is-layout-flow\" style=\"flex-basis:24%\"><\/div>\n\n\n\n<div class=\"wp-block-column is-layout-flow wp-block-column-is-layout-flow\">\n<p class=\"has-text-align-center\">K\u00e9rj\u00fck, tekintse meg weboldalunkat \u00e9s a <strong><a href=\"https:\/\/harrypotterexhibition.com\/hu\/faq\/\">GYIK<\/a> <\/strong>szekci\u00f3t a jegyekkel, a nyitvatart\u00e1si id\u0151vel \u00e9s az adott helysz\u00ednre vonatkoz\u00f3 tov\u00e1bbi inform\u00e1ci\u00f3kkal kapcsolatban.<br>&nbsp;<\/p>\n\n\n\n<p class=\"has-text-align-center\"><strong><a href=\"https:\/\/harrypotterexhibition.com\/hu\/register\/\">Iratkozzon fel h\u00edrlevel\u00fcnkre,<\/a><\/strong> hogy \u00e9rtes\u00fclj\u00f6n a leg\u00fajabb helysz\u00ednekr\u0151l, a ki\u00e1ll\u00edt\u00e1s id\u0151pontjair\u00f3l, k\u00fcl\u00f6nleges esem\u00e9nyekr\u0151l \u00e9s tov\u00e1bbi h\u00edrekr\u0151l!<\/p>\n<\/div>\n\n\n\n<div class=\"wp-block-column is-style-remove-mobile is-layout-flow wp-block-column-is-layout-flow\" style=\"flex-basis:24%\"><\/div>\n<\/div>\n\n\n\n<div style=\"height:10px\" aria-hidden=\"true\" class=\"wp-block-spacer is-style-remove-mobile\"><\/div>\n\n\n\n<div class=\"wp-block-columns is-layout-flex wp-container-core-columns-is-layout-28f84493 wp-block-columns-is-layout-flex\">\n<div class=\"wp-block-column is-layout-flow wp-block-column-is-layout-flow\" style=\"flex-basis:25%\"><\/div>\n\n\n\n<div class=\"wp-block-column is-layout-flow wp-block-column-is-layout-flow\">\n<p class=\"has-text-align-center\">Ha nem tal\u00e1lja a k\u00e9rd\u00e9s\u00e9re a v\u00e1laszt a <a href=\"https:\/\/harrypotterexhibition.com\/hu\/faq\/\"><strong>GYIK<\/strong><\/a>k\u00e9rj\u00fck, k\u00fcldje el nek\u00fcnk megkeres\u00e9s\u00e9t a kapcsolatfelv\u00e9teli \u0171rlapon kereszt\u00fcl, \u00e9s \u00f6r\u00f6mmel v\u00e1laszolunk r\u00f6vid id\u0151n bel\u00fcl.<\/p>\n\n\n\n<div class=\"wp-block-buttons is-content-justification-center is-layout-flex wp-container-core-buttons-is-layout-a89b3969 wp-block-buttons-is-layout-flex\">\n<div class=\"wp-block-button\"><a class=\"wp-block-button__link wp-element-button\" href=\"https:\/\/docs.google.com\/forms\/d\/e\/1FAIpQLSd1ygmng6VU7cpIF5Fq31nkrYN_7wo1Cdh1y5BXGeUnm_PCLQ\/viewform\" target=\"_blank\" rel=\"noreferrer noopener\">L\u00e9pjen kapcsolatba vel\u00fcnk<\/a><\/div>\n<\/div>\n<\/div>\n\n\n\n<div class=\"wp-block-column is-layout-flow wp-block-column-is-layout-flow\" style=\"flex-basis:25%\"><\/div>\n<\/div>\n\n\n\n<div style=\"height:50px\" aria-hidden=\"true\" class=\"wp-block-spacer\"><\/div>\n<\/div>","protected":false},"excerpt":{"rendered":"<p>Please refer to our website and FAQ for information regarding ticketing, hours of operation, and other venue specific information.&nbsp; Sign up for our newsletter to receive the latest updates about [&hellip;]<\/p>\n","protected":false},"author":2,"featured_media":0,"parent":0,"menu_order":0,"comment_status":"closed","ping_status":"closed","template":"","meta":{"_acf_changed":false,"_monsterinsights_skip_tracking":false,"_monsterinsights_sitenote_active":false,"_monsterinsights_sitenote_note":"","_monsterinsights_sitenote_category":0,"footnotes":""},"class_list":["post-7","page","type-page","status-publish","hentry"],"acf":[],"yoast_head":"<!-- This site is optimized with the Yoast SEO plugin v27.3 - https:\/\/yoast.com\/product\/yoast-seo-wordpress\/ -->\n<title>Contact Us | Harry Potter\u2122: The Exhibition<\/title>\n<meta name=\"description\" content=\"Still have questions about Harry Potter\u2122: The Exhibition? Please leave us an inquiry via the contact form here and we\u2019ll be happy to follow up with you shortly.\" \/>\n<meta name=\"robots\" content=\"index, follow, max-snippet:-1, max-image-preview:large, max-video-preview:-1\" \/>\n<link rel=\"canonical\" href=\"https:\/\/harrypotterexhibition.com\/hu\/contact\/\" \/>\n<meta property=\"og:locale\" content=\"hu_HU\" \/>\n<meta property=\"og:type\" content=\"article\" \/>\n<meta property=\"og:title\" content=\"Contact Us | Harry Potter\u2122: The Exhibition\" \/>\n<meta property=\"og:description\" content=\"Still have questions about Harry Potter\u2122: The Exhibition? Please leave us an inquiry via the contact form here and we\u2019ll be happy to follow up with you shortly.\" \/>\n<meta property=\"og:url\" content=\"https:\/\/harrypotterexhibition.com\/hu\/contact\/\" \/>\n<meta property=\"og:site_name\" content=\"Harry Potter\u2122: The Exhibition\" \/>\n<meta property=\"article:modified_time\" content=\"2025-08-14T12:03:22+00:00\" \/>\n<meta property=\"og:image\" content=\"https:\/\/harrypotterexhibition.com\/wp-content\/uploads\/2023\/11\/Contact-Us_Hero.jpg\" \/>\n\t<meta property=\"og:image:width\" content=\"1440\" \/>\n\t<meta property=\"og:image:height\" content=\"433\" \/>\n\t<meta property=\"og:image:type\" content=\"image\/jpeg\" \/>\n<meta name=\"twitter:card\" content=\"summary_large_image\" \/>\n<script type=\"application\/ld+json\" class=\"yoast-schema-graph\">{\"@context\":\"https:\\\/\\\/schema.org\",\"@graph\":[{\"@type\":\"WebPage\",\"@id\":\"https:\\\/\\\/harrypotterexhibition.com\\\/contact\\\/\",\"url\":\"https:\\\/\\\/harrypotterexhibition.com\\\/contact\\\/\",\"name\":\"Contact Us | Harry Potter\u2122: The Exhibition\",\"isPartOf\":{\"@id\":\"https:\\\/\\\/harrypotterexhibition.com\\\/zh\\\/#website\"},\"primaryImageOfPage\":{\"@id\":\"https:\\\/\\\/harrypotterexhibition.com\\\/contact\\\/#primaryimage\"},\"image\":{\"@id\":\"https:\\\/\\\/harrypotterexhibition.com\\\/contact\\\/#primaryimage\"},\"thumbnailUrl\":\"https:\\\/\\\/harrypotterexhibition.com\\\/wp-content\\\/uploads\\\/2023\\\/11\\\/Contact-Us_Hero.jpg\",\"datePublished\":\"2020-06-18T03:44:43+00:00\",\"dateModified\":\"2025-08-14T12:03:22+00:00\",\"description\":\"Still have questions about Harry Potter\u2122: The Exhibition? Please leave us an inquiry via the contact form here and we\u2019ll be happy to follow up with you shortly.\",\"breadcrumb\":{\"@id\":\"https:\\\/\\\/harrypotterexhibition.com\\\/contact\\\/#breadcrumb\"},\"inLanguage\":\"hu\",\"potentialAction\":[{\"@type\":\"ReadAction\",\"target\":[\"https:\\\/\\\/harrypotterexhibition.com\\\/contact\\\/\"]}]},{\"@type\":\"ImageObject\",\"inLanguage\":\"hu\",\"@id\":\"https:\\\/\\\/harrypotterexhibition.com\\\/contact\\\/#primaryimage\",\"url\":\"https:\\\/\\\/harrypotterexhibition.com\\\/wp-content\\\/uploads\\\/2023\\\/11\\\/Contact-Us_Hero.jpg\",\"contentUrl\":\"https:\\\/\\\/harrypotterexhibition.com\\\/wp-content\\\/uploads\\\/2023\\\/11\\\/Contact-Us_Hero.jpg\"},{\"@type\":\"BreadcrumbList\",\"@id\":\"https:\\\/\\\/harrypotterexhibition.com\\\/contact\\\/#breadcrumb\",\"itemListElement\":[{\"@type\":\"ListItem\",\"position\":1,\"name\":\"Home\",\"item\":\"https:\\\/\\\/harrypotterexhibition.com\\\/\"},{\"@type\":\"ListItem\",\"position\":2,\"name\":\"Contact\"}]},{\"@type\":\"WebSite\",\"@id\":\"https:\\\/\\\/harrypotterexhibition.com\\\/zh\\\/#website\",\"url\":\"https:\\\/\\\/harrypotterexhibition.com\\\/zh\\\/\",\"name\":\"Harry Potter\u2122: The Exhibition\",\"description\":\"\",\"publisher\":{\"@id\":\"https:\\\/\\\/harrypotterexhibition.com\\\/zh\\\/#organization\"},\"potentialAction\":[{\"@type\":\"SearchAction\",\"target\":{\"@type\":\"EntryPoint\",\"urlTemplate\":\"https:\\\/\\\/harrypotterexhibition.com\\\/zh\\\/?s={search_term_string}\"},\"query-input\":{\"@type\":\"PropertyValueSpecification\",\"valueRequired\":true,\"valueName\":\"search_term_string\"}}],\"inLanguage\":\"hu\"},{\"@type\":\"Organization\",\"@id\":\"https:\\\/\\\/harrypotterexhibition.com\\\/zh\\\/#organization\",\"name\":\"Harry Potter\u2122: The Exhibition\",\"url\":\"https:\\\/\\\/harrypotterexhibition.com\\\/zh\\\/\",\"logo\":{\"@type\":\"ImageObject\",\"inLanguage\":\"hu\",\"@id\":\"https:\\\/\\\/harrypotterexhibition.com\\\/zh\\\/#\\\/schema\\\/logo\\\/image\\\/\",\"url\":\"https:\\\/\\\/harrypotterexhibition.com\\\/wp-content\\\/uploads\\\/2023\\\/09\\\/HPX-Footer-Logo.png\",\"contentUrl\":\"https:\\\/\\\/harrypotterexhibition.com\\\/wp-content\\\/uploads\\\/2023\\\/09\\\/HPX-Footer-Logo.png\",\"width\":573,\"height\":501,\"caption\":\"Harry Potter\u2122: The Exhibition\"},\"image\":{\"@id\":\"https:\\\/\\\/harrypotterexhibition.com\\\/zh\\\/#\\\/schema\\\/logo\\\/image\\\/\"}}]}<\/script>\n<!-- \/ Yoast SEO plugin. -->","yoast_head_json":{"title":"Contact Us | Harry Potter\u2122: The Exhibition","description":"Still have questions about Harry Potter\u2122: The Exhibition? Please leave us an inquiry via the contact form here and we\u2019ll be happy to follow up with you shortly.","robots":{"index":"index","follow":"follow","max-snippet":"max-snippet:-1","max-image-preview":"max-image-preview:large","max-video-preview":"max-video-preview:-1"},"canonical":"https:\/\/harrypotterexhibition.com\/hu\/contact\/","og_locale":"hu_HU","og_type":"article","og_title":"Contact Us | Harry Potter\u2122: The Exhibition","og_description":"Still have questions about Harry Potter\u2122: The Exhibition? Please leave us an inquiry via the contact form here and we\u2019ll be happy to follow up with you shortly.","og_url":"https:\/\/harrypotterexhibition.com\/hu\/contact\/","og_site_name":"Harry Potter\u2122: The Exhibition","article_modified_time":"2025-08-14T12:03:22+00:00","og_image":[{"width":1440,"height":433,"url":"https:\/\/harrypotterexhibition.com\/wp-content\/uploads\/2023\/11\/Contact-Us_Hero.jpg","type":"image\/jpeg"}],"twitter_card":"summary_large_image","schema":{"@context":"https:\/\/schema.org","@graph":[{"@type":"WebPage","@id":"https:\/\/harrypotterexhibition.com\/contact\/","url":"https:\/\/harrypotterexhibition.com\/contact\/","name":"Contact Us | Harry Potter\u2122: The Exhibition","isPartOf":{"@id":"https:\/\/harrypotterexhibition.com\/zh\/#website"},"primaryImageOfPage":{"@id":"https:\/\/harrypotterexhibition.com\/contact\/#primaryimage"},"image":{"@id":"https:\/\/harrypotterexhibition.com\/contact\/#primaryimage"},"thumbnailUrl":"https:\/\/harrypotterexhibition.com\/wp-content\/uploads\/2023\/11\/Contact-Us_Hero.jpg","datePublished":"2020-06-18T03:44:43+00:00","dateModified":"2025-08-14T12:03:22+00:00","description":"Still have questions about Harry Potter\u2122: The Exhibition? Please leave us an inquiry via the contact form here and we\u2019ll be happy to follow up with you shortly.","breadcrumb":{"@id":"https:\/\/harrypotterexhibition.com\/contact\/#breadcrumb"},"inLanguage":"hu","potentialAction":[{"@type":"ReadAction","target":["https:\/\/harrypotterexhibition.com\/contact\/"]}]},{"@type":"ImageObject","inLanguage":"hu","@id":"https:\/\/harrypotterexhibition.com\/contact\/#primaryimage","url":"https:\/\/harrypotterexhibition.com\/wp-content\/uploads\/2023\/11\/Contact-Us_Hero.jpg","contentUrl":"https:\/\/harrypotterexhibition.com\/wp-content\/uploads\/2023\/11\/Contact-Us_Hero.jpg"},{"@type":"BreadcrumbList","@id":"https:\/\/harrypotterexhibition.com\/contact\/#breadcrumb","itemListElement":[{"@type":"ListItem","position":1,"name":"Home","item":"https:\/\/harrypotterexhibition.com\/"},{"@type":"ListItem","position":2,"name":"Contact"}]},{"@type":"WebSite","@id":"https:\/\/harrypotterexhibition.com\/zh\/#website","url":"https:\/\/harrypotterexhibition.com\/zh\/","name":"A <strong><mark class=\"has-inline-color has-secondary-color\">Harry Potter\u2122: A ki\u00e1ll\u00edt\u00e1s<\/mark><\/strong>","description":"","publisher":{"@id":"https:\/\/harrypotterexhibition.com\/zh\/#organization"},"potentialAction":[{"@type":"SearchAction","target":{"@type":"EntryPoint","urlTemplate":"https:\/\/harrypotterexhibition.com\/zh\/?s={search_term_string}"},"query-input":{"@type":"PropertyValueSpecification","valueRequired":true,"valueName":"search_term_string"}}],"inLanguage":"hu"},{"@type":"Organization","@id":"https:\/\/harrypotterexhibition.com\/zh\/#organization","name":"A <strong><mark class=\"has-inline-color has-secondary-color\">Harry Potter\u2122: A ki\u00e1ll\u00edt\u00e1s<\/mark><\/strong>","url":"https:\/\/harrypotterexhibition.com\/zh\/","logo":{"@type":"ImageObject","inLanguage":"hu","@id":"https:\/\/harrypotterexhibition.com\/zh\/#\/schema\/logo\/image\/","url":"https:\/\/harrypotterexhibition.com\/wp-content\/uploads\/2023\/09\/HPX-Footer-Logo.png","contentUrl":"https:\/\/harrypotterexhibition.com\/wp-content\/uploads\/2023\/09\/HPX-Footer-Logo.png","width":573,"height":501,"caption":"Harry Potter\u2122: The Exhibition"},"image":{"@id":"https:\/\/harrypotterexhibition.com\/zh\/#\/schema\/logo\/image\/"}}]}},"_links":{"self":[{"href":"https:\/\/harrypotterexhibition.com\/hu\/wp-json\/wp\/v2\/pages\/7","targetHints":{"allow":["GET"]}}],"collection":[{"href":"https:\/\/harrypotterexhibition.com\/hu\/wp-json\/wp\/v2\/pages"}],"about":[{"href":"https:\/\/harrypotterexhibition.com\/hu\/wp-json\/wp\/v2\/types\/page"}],"author":[{"embeddable":true,"href":"https:\/\/harrypotterexhibition.com\/hu\/wp-json\/wp\/v2\/users\/2"}],"replies":[{"embeddable":true,"href":"https:\/\/harrypotterexhibition.com\/hu\/wp-json\/wp\/v2\/comments?post=7"}],"version-history":[{"count":13,"href":"https:\/\/harrypotterexhibition.com\/hu\/wp-json\/wp\/v2\/pages\/7\/revisions"}],"predecessor-version":[{"id":6561,"href":"https:\/\/harrypotterexhibition.com\/hu\/wp-json\/wp\/v2\/pages\/7\/revisions\/6561"}],"wp:attachment":[{"href":"https:\/\/harrypotterexhibition.com\/hu\/wp-json\/wp\/v2\/media?parent=7"}],"curies":[{"name":"wp","href":"https:\/\/api.w.org\/{rel}","templated":true}]}}