{"id":1997,"date":"2023-11-17T16:27:39","date_gmt":"2023-11-17T21:27:39","guid":{"rendered":"https:\/\/firstascentstaging.com\/hpx-main\/?page_id=1997"},"modified":"2025-04-07T12:59:25","modified_gmt":"2025-04-07T16:59:25","slug":"ugc-policy","status":"publish","type":"page","link":"https:\/\/harrypotterexhibition.com\/it\/ugc-policy\/","title":{"rendered":"User Generated Content Guidelines"},"content":{"rendered":"<h1 class=\"wp-block-heading has-x-large-font-size\">Harry Potter: The Exhibition Linee guida sui contenuti generati dall'utente (UGC) per i social media<\/h1>\n\n\n\n<p><\/p>\n\n\n\n<p><em>Ultima modifica: <\/em><strong><em>5 febbraio 2025<\/em><\/strong><\/p>\n\n\n\n<p><\/p>\n\n\n\n<p><strong>Harry Potter: The Exhibition - Politica sui social media<\/strong><\/p>\n\n\n\n<p>Il presente Contratto di licenza per contenuti generati dall'utente (\u201cContratto\u201d) \u00e8 stipulato tra Warner Bros. Entertainment Inc. (\u201cWarner Bros.\u201d) e Imagine Exhibitions, Inc. insieme alle rispettive societ\u00e0 controllate e affiliate (collettivamente, \u201cGruppo aziendale\u201d), e l'utente o l'organizzazione che rappresenta (\u2018utente\u2019 o \u201cPartecipante\u201d).<\/p>\n\n\n\n<p>In considerazione del fatto che il Gruppo Societario vi consente di inviare i vostri contenuti, le descrizioni dei contenuti e le informazioni del profilo sociale (\u201cContenuti generati dall'utente\u201d) alle pagine e alle piattaforme di social media del Gruppo Societario, con la presente riconoscete e accettate che, inviando Contenuti generati dall'utente o rispondendo con \u2018s\u00ec\u2019 o \u201c#YesHarryPotterExhibition\u201d alla richiesta di autorizzazione del Gruppo Societario, sarete vincolati dal presente Contratto. Per chiarezza, qualsiasi risposta affermativa (in qualsiasi formato) costituir\u00e0 accettazione del presente Contratto. Se non accettate tutti i termini del presente Contratto, non inviate Contenuti generati dall'utente n\u00e9 rispondete alla nostra richiesta di autorizzazione. Se state stipulando il presente Contratto per conto di un'organizzazione, dichiarate di avere l'autorit\u00e0 per farlo.&nbsp;<\/p>\n\n\n\n<p>La nostra comunit\u00e0 \u00e8 benvenuta e incoraggiata a impegnarsi, condividere storie e ricordi, discutere punti di vista e porre domande sulle nostre piattaforme di social media.  Imagine Exhibitions si impegna a mantenere uno spazio accessibile, informativo e civile a beneficio dei membri della comunit\u00e0.  Pertanto, <a>ci riserviamo il diritto, a nostra esclusiva discrezione, di nascondere, eliminare, limitare o limitare la distribuzione sulle nostre piattaforme di social media di qualsiasi contenuto che riteniamo contrario agli interessi della nostra comunit\u00e0 di utenti, e non avremo alcuna responsabilit\u00e0 nei confronti dell'utente o di terzi per tali azioni<\/a>&nbsp;, including any comments containing any of the below (and to block or ban users who post such content):<\/p>\n\n\n\n<ul class=\"wp-block-list\">\n<li>Messaggi di odio o discriminatori di qualsiasi tipo, compresi, ma non solo, quelli che attaccano o sminuiscono la razza, l'etnia, la nazionalit\u00e0, la religione, il sesso, l'orientamento sessuale, l'identit\u00e0 di genere, l'et\u00e0, la disabilit\u00e0 o qualsiasi altra caratteristica protetta di una persona, nonch\u00e9 dichiarazioni diffamatorie, attacchi personali, molestie, minacce o trolling diretti a qualsiasi altro membro della comunit\u00e0 o a terze parti&nbsp;<\/li>\n\n\n\n<li>Messaggi che includono contenuti violenti, volgari, osceni, espliciti o grafici, e qualsiasi messaggio che promuova, incoraggi o faciliti attivit\u00e0 illegali o violazioni delle leggi vigenti<\/li>\n\n\n\n<li>Messaggi che contengono informazioni false, fuorvianti, ingannevoli o fraudolente, compresi, a titolo esemplificativo ma non esaustivo, informazioni errate, disinformazioni o contenuti che possono causare confusione o danni ad altri utenti.<\/li>\n\n\n\n<li>Messaggi che esprimono opinioni in termini incivili, irrispettosi o inutilmente provocatori, inclusi, ma non solo, attacchi personali, dichiarazioni diffamatorie o commenti infiammatori su individui o gruppi specifici.<\/li>\n\n\n\n<li>Pubblicit\u00e0, sollecitazioni, approvazioni, contenuti commerciali o qualsiasi contenuto inteso a promuovere prodotti, servizi o interessi commerciali, diretti o indiretti, senza la preventiva autorizzazione scritta di Company Group.&nbsp;<\/li>\n\n\n\n<li>Spam, messaggi automatizzati, messaggi pubblicati da account falsi o impersonificati, o qualsiasi contenuto destinato ad aumentare artificialmente l'impegno o a manipolare le metriche della piattaforma.&nbsp;<\/li>\n\n\n\n<li><a>Messaggi che violano i diritti di propriet\u00e0 intellettuale, inclusi, a titolo esemplificativo ma non esaustivo, diritti d'autore, marchi, segreti commerciali o altri diritti di propriet\u00e0 del Gruppo Aziendale o di terze parti<\/a>.<\/li>\n\n\n\n<li>Messaggi che si concentrano su questioni politiche, sociali o di altro tipo controverse, comprese le misure di salute e sicurezza.<\/li>\n<\/ul>\n\n\n\n<p><a>In qualit\u00e0 di apprezzato membro della nostra comunit\u00e0, l'utente riconosce e accetta di rispettare i seguenti termini e condizioni aggiuntivi:<\/a><\/p>\n\n\n\n<ul class=\"wp-block-list\">\n<li>Partecipando ai nostri canali di social media, l'utente riconosce e accetta di rispettare tutti i termini di servizio, le linee guida della comunit\u00e0 e le altre politiche imposte dalle rispettive piattaforme di social media che utilizza. L'utente \u00e8 consapevole che il mancato rispetto di tali termini pu\u00f2 comportare la rimozione dei suoi contenuti e\/o la cessazione del suo accesso a tali piattaforme.<\/li>\n\n\n\n<li><a>Per proteggere la vostra privacy e la vostra sicurezza, accettate di non condividere informazioni personali sensibili (incluse, ma non solo, informazioni finanziarie, numeri di identificazione governativi o dettagli di contatto privati) attraverso le nostre piattaforme di social media. Il Gruppo aziendale non sar\u00e0 responsabile di eventuali conseguenze derivanti dalla divulgazione volontaria di informazioni personali da parte dell'utente.<\/a><\/li>\n\n\n\n<li><a>Il Gruppo aziendale non avr\u00e0 alcuna responsabilit\u00e0 per eventuali conversazioni, discussioni o contenuti relativi ai nostri post che si svolgono su account, pagine o piattaforme di social media di terzi non controllati dal Gruppo aziendale.<\/a><\/li>\n\n\n\n<li><a>Pubblicando un contenuto o rispondendo \u201cS\u00ec\u201d o \u201c#YesHarryPotterExhibition\u201d, l'utente concede al Gruppo aziendale una licenza mondiale, gratuita, perpetua, irrevocabile e non esclusiva per l'utilizzo, la riproduzione, la modifica, l'adattamento, la pubblicazione, la traduzione, la distribuzione e la visualizzazione dei Contenuti generati dall'utente a scopo educativo, promozionale, di marketing e per altri scopi commerciali in qualsiasi mezzo di comunicazione ora conosciuto o sviluppato in futuro, senza alcun compenso per l'utente. L'utente dichiara e garantisce di essere il proprietario o di avere i diritti necessari per concedere questa licenza per tutti i Contenuti generati dall'utente che invia.&nbsp;<\/a><\/li>\n\n\n\n<li><a>Le opinioni espresse dagli utenti sono proprie e non rappresentano le opinioni di Company Group o dei suoi dipendenti, agenti, partner, licenziatari o affiliati. Company Group declina espressamente ogni responsabilit\u00e0 in relazione ai Contenuti generati dagli utenti.<\/a><\/li>\n<\/ul>\n\n\n\n<p><a>I canali dei social media sono monitorati periodicamente da un piccolo team di collaboratori durante il normale orario di lavoro, esclusi i giorni festivi. I contenuti condivisi al di fuori di questi orari saranno esaminati quando il tempo lo consente durante il normale orario di lavoro. Sebbene il Gruppo aziendale faccia ogni sforzo ragionevole per esaminare i contenuti condivisi e rispondere alle domande e alle richieste in modo tempestivo, la Societ\u00e0 non garantisce i tempi di risposta e si riserva il diritto, ma non l'obbligo, di monitorare, esaminare o moderare qualsiasi contenuto condiviso. Si prega di notare che alcuni messaggi possono richiedere pi\u00f9 tempo per essere risolti.<\/a><\/p>\n\n\n\n<hr class=\"wp-block-separator has-alpha-channel-opacity\"\/>\n\n\n\n<p><a id=\"_msocom_1\"><\/a><\/p>","protected":false},"excerpt":{"rendered":"<p>Harry Potter: The Exhibition User Generated Content (UGC) Guidelines for Social Media Last modified: February 5, 2025 Harry Potter: The Exhibition Social Media Policy This User Generated Content License Agreement [&hellip;]<\/p>\n","protected":false},"author":7,"featured_media":0,"parent":0,"menu_order":0,"comment_status":"closed","ping_status":"closed","template":"","meta":{"_acf_changed":false,"_monsterinsights_skip_tracking":false,"_monsterinsights_sitenote_active":false,"_monsterinsights_sitenote_note":"","_monsterinsights_sitenote_category":0,"footnotes":""},"class_list":["post-1997","page","type-page","status-publish","hentry"],"acf":[],"yoast_head":"<!-- This site is optimized with the Yoast SEO plugin v27.4 - https:\/\/yoast.com\/product\/yoast-seo-wordpress\/ -->\n<title>User Generated Content Guidelines | Harry Potter\u2122: The Exhibition<\/title>\n<meta name=\"description\" content=\"We are committed to protecting your privacy and developing technology that provides the safest and most powerful online experience. Read our UGC policy here.\" \/>\n<meta name=\"robots\" content=\"index, follow, max-snippet:-1, max-image-preview:large, max-video-preview:-1\" \/>\n<link rel=\"canonical\" href=\"https:\/\/harrypotterexhibition.com\/it\/ugc-policy\/\" \/>\n<meta property=\"og:locale\" content=\"it_IT\" \/>\n<meta property=\"og:type\" content=\"article\" \/>\n<meta property=\"og:title\" content=\"User Generated Content Guidelines | Harry Potter\u2122: The Exhibition\" \/>\n<meta property=\"og:description\" content=\"We are committed to protecting your privacy and developing technology that provides the safest and most powerful online experience. Read our UGC policy here.\" \/>\n<meta property=\"og:url\" content=\"https:\/\/harrypotterexhibition.com\/it\/ugc-policy\/\" \/>\n<meta property=\"og:site_name\" content=\"Harry Potter\u2122: The Exhibition\" \/>\n<meta property=\"article:modified_time\" content=\"2025-04-07T16:59:25+00:00\" \/>\n<meta property=\"og:image\" content=\"https:\/\/harrypotterexhibition.com\/wp-content\/uploads\/2024\/05\/2024-Opengraph.png\" \/>\n\t<meta property=\"og:image:width\" content=\"1200\" \/>\n\t<meta property=\"og:image:height\" content=\"630\" \/>\n\t<meta property=\"og:image:type\" content=\"image\/png\" \/>\n<meta name=\"twitter:card\" content=\"summary_large_image\" \/>\n<script type=\"application\/ld+json\" class=\"yoast-schema-graph\">{\"@context\":\"https:\\\/\\\/schema.org\",\"@graph\":[{\"@type\":\"WebPage\",\"@id\":\"https:\\\/\\\/harrypotterexhibition.com\\\/ugc-policy\\\/\",\"url\":\"https:\\\/\\\/harrypotterexhibition.com\\\/ugc-policy\\\/\",\"name\":\"User Generated Content Guidelines | Harry Potter\u2122: The Exhibition\",\"isPartOf\":{\"@id\":\"https:\\\/\\\/harrypotterexhibition.com\\\/zh\\\/#website\"},\"datePublished\":\"2023-11-17T21:27:39+00:00\",\"dateModified\":\"2025-04-07T16:59:25+00:00\",\"description\":\"We are committed to protecting your privacy and developing technology that provides the safest and most powerful online experience. Read our UGC policy here.\",\"breadcrumb\":{\"@id\":\"https:\\\/\\\/harrypotterexhibition.com\\\/ugc-policy\\\/#breadcrumb\"},\"inLanguage\":\"it-IT\",\"potentialAction\":[{\"@type\":\"ReadAction\",\"target\":[\"https:\\\/\\\/harrypotterexhibition.com\\\/ugc-policy\\\/\"]}]},{\"@type\":\"BreadcrumbList\",\"@id\":\"https:\\\/\\\/harrypotterexhibition.com\\\/ugc-policy\\\/#breadcrumb\",\"itemListElement\":[{\"@type\":\"ListItem\",\"position\":1,\"name\":\"Home\",\"item\":\"https:\\\/\\\/harrypotterexhibition.com\\\/\"},{\"@type\":\"ListItem\",\"position\":2,\"name\":\"User Generated Content Guidelines\"}]},{\"@type\":\"WebSite\",\"@id\":\"https:\\\/\\\/harrypotterexhibition.com\\\/zh\\\/#website\",\"url\":\"https:\\\/\\\/harrypotterexhibition.com\\\/zh\\\/\",\"name\":\"Harry Potter\u2122: The Exhibition\",\"description\":\"\",\"publisher\":{\"@id\":\"https:\\\/\\\/harrypotterexhibition.com\\\/zh\\\/#organization\"},\"potentialAction\":[{\"@type\":\"SearchAction\",\"target\":{\"@type\":\"EntryPoint\",\"urlTemplate\":\"https:\\\/\\\/harrypotterexhibition.com\\\/zh\\\/?s={search_term_string}\"},\"query-input\":{\"@type\":\"PropertyValueSpecification\",\"valueRequired\":true,\"valueName\":\"search_term_string\"}}],\"inLanguage\":\"it-IT\"},{\"@type\":\"Organization\",\"@id\":\"https:\\\/\\\/harrypotterexhibition.com\\\/zh\\\/#organization\",\"name\":\"Harry Potter\u2122: The Exhibition\",\"url\":\"https:\\\/\\\/harrypotterexhibition.com\\\/zh\\\/\",\"logo\":{\"@type\":\"ImageObject\",\"inLanguage\":\"it-IT\",\"@id\":\"https:\\\/\\\/harrypotterexhibition.com\\\/zh\\\/#\\\/schema\\\/logo\\\/image\\\/\",\"url\":\"https:\\\/\\\/harrypotterexhibition.com\\\/wp-content\\\/uploads\\\/2023\\\/09\\\/HPX-Footer-Logo.png\",\"contentUrl\":\"https:\\\/\\\/harrypotterexhibition.com\\\/wp-content\\\/uploads\\\/2023\\\/09\\\/HPX-Footer-Logo.png\",\"width\":573,\"height\":501,\"caption\":\"Harry Potter\u2122: The Exhibition\"},\"image\":{\"@id\":\"https:\\\/\\\/harrypotterexhibition.com\\\/zh\\\/#\\\/schema\\\/logo\\\/image\\\/\"}}]}<\/script>\n<!-- \/ Yoast SEO plugin. -->","yoast_head_json":{"title":"Linee guida per i contenuti generati dagli utenti | Harry Potter\u2122: The Exhibition","description":"Ci impegniamo a proteggere la vostra privacy e a sviluppare una tecnologia che offra la pi\u00f9 sicura e potente esperienza online. Leggete qui la nostra politica UGC.","robots":{"index":"index","follow":"follow","max-snippet":"max-snippet:-1","max-image-preview":"max-image-preview:large","max-video-preview":"max-video-preview:-1"},"canonical":"https:\/\/harrypotterexhibition.com\/it\/ugc-policy\/","og_locale":"it_IT","og_type":"article","og_title":"User Generated Content Guidelines | Harry Potter\u2122: The Exhibition","og_description":"We are committed to protecting your privacy and developing technology that provides the safest and most powerful online experience. Read our UGC policy here.","og_url":"https:\/\/harrypotterexhibition.com\/it\/ugc-policy\/","og_site_name":"Harry Potter\u2122: The Exhibition","article_modified_time":"2025-04-07T16:59:25+00:00","og_image":[{"width":1200,"height":630,"url":"https:\/\/harrypotterexhibition.com\/wp-content\/uploads\/2024\/05\/2024-Opengraph.png","type":"image\/png"}],"twitter_card":"summary_large_image","schema":{"@context":"https:\/\/schema.org","@graph":[{"@type":"WebPage","@id":"https:\/\/harrypotterexhibition.com\/ugc-policy\/","url":"https:\/\/harrypotterexhibition.com\/ugc-policy\/","name":"Linee guida per i contenuti generati dagli utenti | Harry Potter\u2122: The Exhibition","isPartOf":{"@id":"https:\/\/harrypotterexhibition.com\/zh\/#website"},"datePublished":"2023-11-17T21:27:39+00:00","dateModified":"2025-04-07T16:59:25+00:00","description":"Ci impegniamo a proteggere la vostra privacy e a sviluppare una tecnologia che offra la pi\u00f9 sicura e potente esperienza online. Leggete qui la nostra politica UGC.","breadcrumb":{"@id":"https:\/\/harrypotterexhibition.com\/ugc-policy\/#breadcrumb"},"inLanguage":"it-IT","potentialAction":[{"@type":"ReadAction","target":["https:\/\/harrypotterexhibition.com\/ugc-policy\/"]}]},{"@type":"BreadcrumbList","@id":"https:\/\/harrypotterexhibition.com\/ugc-policy\/#breadcrumb","itemListElement":[{"@type":"ListItem","position":1,"name":"Home","item":"https:\/\/harrypotterexhibition.com\/"},{"@type":"ListItem","position":2,"name":"User Generated Content Guidelines"}]},{"@type":"WebSite","@id":"https:\/\/harrypotterexhibition.com\/zh\/#website","url":"https:\/\/harrypotterexhibition.com\/zh\/","name":"Harry Potter\u2122: The Exhibition","description":"","publisher":{"@id":"https:\/\/harrypotterexhibition.com\/zh\/#organization"},"potentialAction":[{"@type":"SearchAction","target":{"@type":"EntryPoint","urlTemplate":"https:\/\/harrypotterexhibition.com\/zh\/?s={search_term_string}"},"query-input":{"@type":"PropertyValueSpecification","valueRequired":true,"valueName":"search_term_string"}}],"inLanguage":"it-IT"},{"@type":"Organization","@id":"https:\/\/harrypotterexhibition.com\/zh\/#organization","name":"Harry Potter\u2122: The Exhibition","url":"https:\/\/harrypotterexhibition.com\/zh\/","logo":{"@type":"ImageObject","inLanguage":"it-IT","@id":"https:\/\/harrypotterexhibition.com\/zh\/#\/schema\/logo\/image\/","url":"https:\/\/harrypotterexhibition.com\/wp-content\/uploads\/2023\/09\/HPX-Footer-Logo.png","contentUrl":"https:\/\/harrypotterexhibition.com\/wp-content\/uploads\/2023\/09\/HPX-Footer-Logo.png","width":573,"height":501,"caption":"Harry Potter\u2122: The Exhibition"},"image":{"@id":"https:\/\/harrypotterexhibition.com\/zh\/#\/schema\/logo\/image\/"}}]}},"_links":{"self":[{"href":"https:\/\/harrypotterexhibition.com\/it\/wp-json\/wp\/v2\/pages\/1997","targetHints":{"allow":["GET"]}}],"collection":[{"href":"https:\/\/harrypotterexhibition.com\/it\/wp-json\/wp\/v2\/pages"}],"about":[{"href":"https:\/\/harrypotterexhibition.com\/it\/wp-json\/wp\/v2\/types\/page"}],"author":[{"embeddable":true,"href":"https:\/\/harrypotterexhibition.com\/it\/wp-json\/wp\/v2\/users\/7"}],"replies":[{"embeddable":true,"href":"https:\/\/harrypotterexhibition.com\/it\/wp-json\/wp\/v2\/comments?post=1997"}],"version-history":[{"count":9,"href":"https:\/\/harrypotterexhibition.com\/it\/wp-json\/wp\/v2\/pages\/1997\/revisions"}],"predecessor-version":[{"id":6008,"href":"https:\/\/harrypotterexhibition.com\/it\/wp-json\/wp\/v2\/pages\/1997\/revisions\/6008"}],"wp:attachment":[{"href":"https:\/\/harrypotterexhibition.com\/it\/wp-json\/wp\/v2\/media?parent=1997"}],"curies":[{"name":"wp","href":"https:\/\/api.w.org\/{rel}","templated":true}]}}